{"id":60,"date":"2020-01-05T14:11:29","date_gmt":"2020-01-05T14:11:29","guid":{"rendered":"https:\/\/sustainablegrowthprojects.com\/?page_id=60"},"modified":"2025-02-06T09:53:13","modified_gmt":"2025-02-06T09:53:13","slug":"team","status":"publish","type":"page","link":"https:\/\/sustainablegrowthprojects.com\/en\/team\/","title":{"rendered":"Team"},"content":{"rendered":"<div data-elementor-type=\"wp-post\" data-elementor-id=\"60\" class=\"elementor elementor-60\" data-elementor-post-type=\"page\">\n\t\t\t\t\t\t<section class=\"elementor-section elementor-top-section elementor-element elementor-element-e3114ef elementor-section-height-min-height elementor-section-boxed elementor-section-height-default elementor-section-items-middle\" data-id=\"e3114ef\" data-element_type=\"section\" data-e-type=\"section\" data-settings=\"{&quot;background_background&quot;:&quot;classic&quot;}\">\n\t\t\t\t\t\t<div class=\"elementor-container elementor-column-gap-default\">\n\t\t\t\t\t<div class=\"elementor-column elementor-col-100 elementor-top-column elementor-element elementor-element-7c8b30cf\" data-id=\"7c8b30cf\" data-element_type=\"column\" data-e-type=\"column\">\n\t\t\t<div class=\"elementor-widget-wrap elementor-element-populated\">\n\t\t\t\t\t\t<div class=\"elementor-element elementor-element-1de11b2 elementor-widget elementor-widget-text-editor\" data-id=\"1de11b2\" data-element_type=\"widget\" data-e-type=\"widget\" data-widget_type=\"text-editor.default\">\n\t\t\t\t<div class=\"elementor-widget-container\">\n\t\t\t\t\t\t\t\t\t<p>The founding members<\/p>\t\t\t\t\t\t\t\t<\/div>\n\t\t\t\t<\/div>\n\t\t\t\t<div class=\"elementor-element elementor-element-73eeacf4 elementor-widget elementor-widget-heading\" data-id=\"73eeacf4\" data-element_type=\"widget\" data-e-type=\"widget\" data-widget_type=\"heading.default\">\n\t\t\t\t<div class=\"elementor-widget-container\">\n\t\t\t\t\t<h1 class=\"elementor-heading-title elementor-size-default\">Our Team<\/h1>\t\t\t\t<\/div>\n\t\t\t\t<\/div>\n\t\t\t\t\t<\/div>\n\t\t<\/div>\n\t\t\t\t\t<\/div>\n\t\t<\/section>\n\t\t\t\t<section class=\"elementor-section elementor-top-section elementor-element elementor-element-1df72975 elementor-section-boxed elementor-section-height-default elementor-section-height-default\" data-id=\"1df72975\" data-element_type=\"section\" data-e-type=\"section\">\n\t\t\t\t\t\t<div class=\"elementor-container elementor-column-gap-default\">\n\t\t\t\t\t<div class=\"elementor-column elementor-col-50 elementor-top-column elementor-element elementor-element-6626bcc0\" data-id=\"6626bcc0\" data-element_type=\"column\" data-e-type=\"column\">\n\t\t\t<div class=\"elementor-widget-wrap elementor-element-populated\">\n\t\t\t\t\t\t<div class=\"elementor-element elementor-element-1db1b8dd elementor-widget elementor-widget-heading\" data-id=\"1db1b8dd\" data-element_type=\"widget\" data-e-type=\"widget\" data-widget_type=\"heading.default\">\n\t\t\t\t<div class=\"elementor-widget-container\">\n\t\t\t\t\t<h4 class=\"elementor-heading-title elementor-size-default\">Our Vision<\/h4>\t\t\t\t<\/div>\n\t\t\t\t<\/div>\n\t\t\t\t<div class=\"elementor-element elementor-element-475299e5 elementor-widget elementor-widget-heading\" data-id=\"475299e5\" data-element_type=\"widget\" data-e-type=\"widget\" data-widget_type=\"heading.default\">\n\t\t\t\t<div class=\"elementor-widget-container\">\n\t\t\t\t\t<h2 class=\"elementor-heading-title elementor-size-default\">Equal Rights<\/h2>\t\t\t\t<\/div>\n\t\t\t\t<\/div>\n\t\t\t\t\t<\/div>\n\t\t<\/div>\n\t\t\t\t<div class=\"elementor-column elementor-col-50 elementor-top-column elementor-element elementor-element-1015501b\" data-id=\"1015501b\" data-element_type=\"column\" data-e-type=\"column\">\n\t\t\t<div class=\"elementor-widget-wrap elementor-element-populated\">\n\t\t\t\t\t\t<div class=\"elementor-element elementor-element-7fad151 elementor-widget elementor-widget-text-editor\" data-id=\"7fad151\" data-element_type=\"widget\" data-e-type=\"widget\" data-widget_type=\"text-editor.default\">\n\t\t\t\t<div class=\"elementor-widget-container\">\n\t\t\t\t\t\t\t\t\t<p>Our vision is to create a world with equal opportunities for all. It is particularly important to us to have a positive impact on the lives of people in the Global South and in economically weaker regions. We want to give people the opportunity to improve their living conditions by their own efforts and provide the appropriate conditions through social projects.<\/p>\t\t\t\t\t\t\t\t<\/div>\n\t\t\t\t<\/div>\n\t\t\t\t\t<\/div>\n\t\t<\/div>\n\t\t\t\t\t<\/div>\n\t\t<\/section>\n\t\t\t\t<section class=\"elementor-section elementor-top-section elementor-element elementor-element-2d44eb6 elementor-section-boxed elementor-section-height-default elementor-section-height-default\" data-id=\"2d44eb6\" data-element_type=\"section\" data-e-type=\"section\">\n\t\t\t\t\t\t<div class=\"elementor-container elementor-column-gap-default\">\n\t\t\t\t\t<div class=\"elementor-column elementor-col-100 elementor-top-column elementor-element elementor-element-70960a93\" data-id=\"70960a93\" data-element_type=\"column\" data-e-type=\"column\">\n\t\t\t<div class=\"elementor-widget-wrap elementor-element-populated\">\n\t\t\t\t\t\t<div class=\"elementor-element elementor-element-17900832 elementor-widget elementor-widget-heading\" data-id=\"17900832\" data-element_type=\"widget\" data-e-type=\"widget\" data-widget_type=\"heading.default\">\n\t\t\t\t<div class=\"elementor-widget-container\">\n\t\t\t\t\t<h4 class=\"elementor-heading-title elementor-size-default\">Sustainable Growth Projects e.V.<\/h4>\t\t\t\t<\/div>\n\t\t\t\t<\/div>\n\t\t\t\t<div class=\"elementor-element elementor-element-79bda311 elementor-widget elementor-widget-heading\" data-id=\"79bda311\" data-element_type=\"widget\" data-e-type=\"widget\" data-widget_type=\"heading.default\">\n\t\t\t\t<div class=\"elementor-widget-container\">\n\t\t\t\t\t<h2 class=\"elementor-heading-title elementor-size-default\">Die Vereinsmitglieder<\/h2>\t\t\t\t<\/div>\n\t\t\t\t<\/div>\n\t\t\t\t\t<\/div>\n\t\t<\/div>\n\t\t\t\t\t<\/div>\n\t\t<\/section>\n\t\t\t\t<\/div>","protected":false},"excerpt":{"rendered":"<p>Die Gr\u00fcndungsmitglieder Unser Team Unsere Vision Gleiche Chancen Unsere Vision ist es eine Welt mit gleichen Chancen f\u00fcr alle zu erschaffen. Dabei ist es uns besonders wichtig einen positiven Einfluss auf das Leben der Menschen des Globalen S\u00fcdens und in wirtschaftlich schw\u00e4cheren Regionen auszu\u00fcben. Wir m\u00f6chten den Menschen die M\u00f6glichkeit geben, aus eigener Kraft ihre [&hellip;]<\/p>\n","protected":false},"author":1,"featured_media":89,"parent":0,"menu_order":0,"comment_status":"closed","ping_status":"closed","template":"elementor_header_footer","meta":{"footnotes":""},"class_list":["post-60","page","type-page","status-publish","has-post-thumbnail","hentry"],"yoast_head":"<!-- This site is optimized with the Yoast SEO plugin v27.3 - https:\/\/yoast.com\/product\/yoast-seo-wordpress\/ -->\n<title>Team - Sustainable Growth Projects e.V.<\/title>\n<meta name=\"description\" content=\"Hier finden Sie das SGP Team. Werden Sie jetzt Mitglied von Sustainable Growth Projects eV und helfen Sie mit f\u00fcr Chancengleichheit zu sorgen.\" \/>\n<meta name=\"robots\" content=\"index, follow, max-snippet:-1, max-image-preview:large, max-video-preview:-1\" \/>\n<link rel=\"canonical\" href=\"https:\/\/sustainablegrowthprojects.com\/en\/team\/\" \/>\n<meta property=\"og:locale\" content=\"en_US\" \/>\n<meta property=\"og:type\" content=\"article\" \/>\n<meta property=\"og:title\" content=\"Team - Sustainable Growth Projects e.V.\" \/>\n<meta property=\"og:description\" content=\"Hier finden Sie das SGP Team. Werden Sie jetzt Mitglied von Sustainable Growth Projects eV und helfen Sie mit f\u00fcr Chancengleichheit zu sorgen.\" \/>\n<meta property=\"og:url\" content=\"https:\/\/sustainablegrowthprojects.com\/en\/team\/\" \/>\n<meta property=\"og:site_name\" content=\"Sustainable Growth Projects e.V.\" \/>\n<meta property=\"article:publisher\" content=\"https:\/\/www.facebook.com\/SustainableGrowthProjects\/\" \/>\n<meta property=\"article:modified_time\" content=\"2025-02-06T09:53:13+00:00\" \/>\n<meta property=\"og:image\" content=\"https:\/\/sustainablegrowthprojects.com\/wp-content\/uploads\/2016\/05\/achievement-adult-agreement-1153213-scaled.jpg\" \/>\n\t<meta property=\"og:image:width\" content=\"2560\" \/>\n\t<meta property=\"og:image:height\" content=\"1790\" \/>\n\t<meta property=\"og:image:type\" content=\"image\/jpeg\" \/>\n<meta name=\"twitter:card\" content=\"summary_large_image\" \/>\n<meta name=\"twitter:label1\" content=\"Est. reading time\" \/>\n\t<meta name=\"twitter:data1\" content=\"1 minute\" \/>\n<script type=\"application\/ld+json\" class=\"yoast-schema-graph\">{\"@context\":\"https:\\\/\\\/schema.org\",\"@graph\":[{\"@type\":\"WebPage\",\"@id\":\"https:\\\/\\\/sustainablegrowthprojects.com\\\/team\\\/\",\"url\":\"https:\\\/\\\/sustainablegrowthprojects.com\\\/team\\\/\",\"name\":\"Team - Sustainable Growth Projects e.V.\",\"isPartOf\":{\"@id\":\"https:\\\/\\\/sustainablegrowthprojects.com\\\/#website\"},\"primaryImageOfPage\":{\"@id\":\"https:\\\/\\\/sustainablegrowthprojects.com\\\/team\\\/#primaryimage\"},\"image\":{\"@id\":\"https:\\\/\\\/sustainablegrowthprojects.com\\\/team\\\/#primaryimage\"},\"thumbnailUrl\":\"https:\\\/\\\/sustainablegrowthprojects.com\\\/wp-content\\\/uploads\\\/2016\\\/05\\\/achievement-adult-agreement-1153213-scaled.jpg\",\"datePublished\":\"2020-01-05T14:11:29+00:00\",\"dateModified\":\"2025-02-06T09:53:13+00:00\",\"description\":\"Hier finden Sie das SGP Team. Werden Sie jetzt Mitglied von Sustainable Growth Projects eV und helfen Sie mit f\u00fcr Chancengleichheit zu sorgen.\",\"breadcrumb\":{\"@id\":\"https:\\\/\\\/sustainablegrowthprojects.com\\\/team\\\/#breadcrumb\"},\"inLanguage\":\"en-US\",\"potentialAction\":[{\"@type\":\"ReadAction\",\"target\":[\"https:\\\/\\\/sustainablegrowthprojects.com\\\/team\\\/\"]}]},{\"@type\":\"ImageObject\",\"inLanguage\":\"en-US\",\"@id\":\"https:\\\/\\\/sustainablegrowthprojects.com\\\/team\\\/#primaryimage\",\"url\":\"https:\\\/\\\/sustainablegrowthprojects.com\\\/wp-content\\\/uploads\\\/2016\\\/05\\\/achievement-adult-agreement-1153213-scaled.jpg\",\"contentUrl\":\"https:\\\/\\\/sustainablegrowthprojects.com\\\/wp-content\\\/uploads\\\/2016\\\/05\\\/achievement-adult-agreement-1153213-scaled.jpg\",\"width\":2560,\"height\":1790,\"caption\":\"Verein zur F\u00f6rderung von Infrastrukturprojekten\"},{\"@type\":\"BreadcrumbList\",\"@id\":\"https:\\\/\\\/sustainablegrowthprojects.com\\\/team\\\/#breadcrumb\",\"itemListElement\":[{\"@type\":\"ListItem\",\"position\":1,\"name\":\"Startseite\",\"item\":\"https:\\\/\\\/sustainablegrowthprojects.com\\\/\"},{\"@type\":\"ListItem\",\"position\":2,\"name\":\"Team\"}]},{\"@type\":\"WebSite\",\"@id\":\"https:\\\/\\\/sustainablegrowthprojects.com\\\/#website\",\"url\":\"https:\\\/\\\/sustainablegrowthprojects.com\\\/\",\"name\":\"Sustainable Growth Projects e.V.\",\"description\":\"\u00a9 Sustainable Growth Projects e.V.\",\"publisher\":{\"@id\":\"https:\\\/\\\/sustainablegrowthprojects.com\\\/#organization\"},\"potentialAction\":[{\"@type\":\"SearchAction\",\"target\":{\"@type\":\"EntryPoint\",\"urlTemplate\":\"https:\\\/\\\/sustainablegrowthprojects.com\\\/?s={search_term_string}\"},\"query-input\":{\"@type\":\"PropertyValueSpecification\",\"valueRequired\":true,\"valueName\":\"search_term_string\"}}],\"inLanguage\":\"en-US\"},{\"@type\":\"Organization\",\"@id\":\"https:\\\/\\\/sustainablegrowthprojects.com\\\/#organization\",\"name\":\"Sustainable Growth Projects e.V.\",\"url\":\"https:\\\/\\\/sustainablegrowthprojects.com\\\/\",\"logo\":{\"@type\":\"ImageObject\",\"inLanguage\":\"en-US\",\"@id\":\"https:\\\/\\\/sustainablegrowthprojects.com\\\/#\\\/schema\\\/logo\\\/image\\\/\",\"url\":\"https:\\\/\\\/sustainablegrowthprojects.com\\\/wp-content\\\/uploads\\\/2020\\\/03\\\/SGP-Logo.svg\",\"contentUrl\":\"https:\\\/\\\/sustainablegrowthprojects.com\\\/wp-content\\\/uploads\\\/2020\\\/03\\\/SGP-Logo.svg\",\"width\":494,\"height\":169,\"caption\":\"Sustainable Growth Projects e.V.\"},\"image\":{\"@id\":\"https:\\\/\\\/sustainablegrowthprojects.com\\\/#\\\/schema\\\/logo\\\/image\\\/\"},\"sameAs\":[\"https:\\\/\\\/www.facebook.com\\\/SustainableGrowthProjects\\\/\",\"https:\\\/\\\/www.instagram.com\\\/sustainablegrowthprojects\\\/\",\"https:\\\/\\\/www.linkedin.com\\\/company\\\/sustainable-growth-projects-e-v\\\/\"]}]}<\/script>\n<!-- \/ Yoast SEO plugin. -->","yoast_head_json":{"title":"Team - Sustainable Growth Projects e.V.","description":"Hier finden Sie das SGP Team. Werden Sie jetzt Mitglied von Sustainable Growth Projects eV und helfen Sie mit f\u00fcr Chancengleichheit zu sorgen.","robots":{"index":"index","follow":"follow","max-snippet":"max-snippet:-1","max-image-preview":"max-image-preview:large","max-video-preview":"max-video-preview:-1"},"canonical":"https:\/\/sustainablegrowthprojects.com\/en\/team\/","og_locale":"en_US","og_type":"article","og_title":"Team - Sustainable Growth Projects e.V.","og_description":"Hier finden Sie das SGP Team. Werden Sie jetzt Mitglied von Sustainable Growth Projects eV und helfen Sie mit f\u00fcr Chancengleichheit zu sorgen.","og_url":"https:\/\/sustainablegrowthprojects.com\/en\/team\/","og_site_name":"Sustainable Growth Projects e.V.","article_publisher":"https:\/\/www.facebook.com\/SustainableGrowthProjects\/","article_modified_time":"2025-02-06T09:53:13+00:00","og_image":[{"width":2560,"height":1790,"url":"https:\/\/sustainablegrowthprojects.com\/wp-content\/uploads\/2016\/05\/achievement-adult-agreement-1153213-scaled.jpg","type":"image\/jpeg"}],"twitter_card":"summary_large_image","twitter_misc":{"Est. reading time":"1 minute"},"schema":{"@context":"https:\/\/schema.org","@graph":[{"@type":"WebPage","@id":"https:\/\/sustainablegrowthprojects.com\/team\/","url":"https:\/\/sustainablegrowthprojects.com\/team\/","name":"Team - Sustainable Growth Projects e.V.","isPartOf":{"@id":"https:\/\/sustainablegrowthprojects.com\/#website"},"primaryImageOfPage":{"@id":"https:\/\/sustainablegrowthprojects.com\/team\/#primaryimage"},"image":{"@id":"https:\/\/sustainablegrowthprojects.com\/team\/#primaryimage"},"thumbnailUrl":"https:\/\/sustainablegrowthprojects.com\/wp-content\/uploads\/2016\/05\/achievement-adult-agreement-1153213-scaled.jpg","datePublished":"2020-01-05T14:11:29+00:00","dateModified":"2025-02-06T09:53:13+00:00","description":"Hier finden Sie das SGP Team. Werden Sie jetzt Mitglied von Sustainable Growth Projects eV und helfen Sie mit f\u00fcr Chancengleichheit zu sorgen.","breadcrumb":{"@id":"https:\/\/sustainablegrowthprojects.com\/team\/#breadcrumb"},"inLanguage":"en-US","potentialAction":[{"@type":"ReadAction","target":["https:\/\/sustainablegrowthprojects.com\/team\/"]}]},{"@type":"ImageObject","inLanguage":"en-US","@id":"https:\/\/sustainablegrowthprojects.com\/team\/#primaryimage","url":"https:\/\/sustainablegrowthprojects.com\/wp-content\/uploads\/2016\/05\/achievement-adult-agreement-1153213-scaled.jpg","contentUrl":"https:\/\/sustainablegrowthprojects.com\/wp-content\/uploads\/2016\/05\/achievement-adult-agreement-1153213-scaled.jpg","width":2560,"height":1790,"caption":"Verein zur F\u00f6rderung von Infrastrukturprojekten"},{"@type":"BreadcrumbList","@id":"https:\/\/sustainablegrowthprojects.com\/team\/#breadcrumb","itemListElement":[{"@type":"ListItem","position":1,"name":"Startseite","item":"https:\/\/sustainablegrowthprojects.com\/"},{"@type":"ListItem","position":2,"name":"Team"}]},{"@type":"WebSite","@id":"https:\/\/sustainablegrowthprojects.com\/#website","url":"https:\/\/sustainablegrowthprojects.com\/","name":"Sustainable Growth Projects e.V.","description":"\u00a9 Sustainable Growth Projects e.V.","publisher":{"@id":"https:\/\/sustainablegrowthprojects.com\/#organization"},"potentialAction":[{"@type":"SearchAction","target":{"@type":"EntryPoint","urlTemplate":"https:\/\/sustainablegrowthprojects.com\/?s={search_term_string}"},"query-input":{"@type":"PropertyValueSpecification","valueRequired":true,"valueName":"search_term_string"}}],"inLanguage":"en-US"},{"@type":"Organization","@id":"https:\/\/sustainablegrowthprojects.com\/#organization","name":"Sustainable Growth Projects e.V.","url":"https:\/\/sustainablegrowthprojects.com\/","logo":{"@type":"ImageObject","inLanguage":"en-US","@id":"https:\/\/sustainablegrowthprojects.com\/#\/schema\/logo\/image\/","url":"https:\/\/sustainablegrowthprojects.com\/wp-content\/uploads\/2020\/03\/SGP-Logo.svg","contentUrl":"https:\/\/sustainablegrowthprojects.com\/wp-content\/uploads\/2020\/03\/SGP-Logo.svg","width":494,"height":169,"caption":"Sustainable Growth Projects e.V."},"image":{"@id":"https:\/\/sustainablegrowthprojects.com\/#\/schema\/logo\/image\/"},"sameAs":["https:\/\/www.facebook.com\/SustainableGrowthProjects\/","https:\/\/www.instagram.com\/sustainablegrowthprojects\/","https:\/\/www.linkedin.com\/company\/sustainable-growth-projects-e-v\/"]}]}},"_links":{"self":[{"href":"https:\/\/sustainablegrowthprojects.com\/en\/wp-json\/wp\/v2\/pages\/60","targetHints":{"allow":["GET"]}}],"collection":[{"href":"https:\/\/sustainablegrowthprojects.com\/en\/wp-json\/wp\/v2\/pages"}],"about":[{"href":"https:\/\/sustainablegrowthprojects.com\/en\/wp-json\/wp\/v2\/types\/page"}],"author":[{"embeddable":true,"href":"https:\/\/sustainablegrowthprojects.com\/en\/wp-json\/wp\/v2\/users\/1"}],"replies":[{"embeddable":true,"href":"https:\/\/sustainablegrowthprojects.com\/en\/wp-json\/wp\/v2\/comments?post=60"}],"version-history":[{"count":80,"href":"https:\/\/sustainablegrowthprojects.com\/en\/wp-json\/wp\/v2\/pages\/60\/revisions"}],"predecessor-version":[{"id":2255,"href":"https:\/\/sustainablegrowthprojects.com\/en\/wp-json\/wp\/v2\/pages\/60\/revisions\/2255"}],"wp:featuredmedia":[{"embeddable":true,"href":"https:\/\/sustainablegrowthprojects.com\/en\/wp-json\/wp\/v2\/media\/89"}],"wp:attachment":[{"href":"https:\/\/sustainablegrowthprojects.com\/en\/wp-json\/wp\/v2\/media?parent=60"}],"curies":[{"name":"wp","href":"https:\/\/api.w.org\/{rel}","templated":true}]}}