{"id":55,"date":"2020-01-05T14:10:05","date_gmt":"2020-01-05T14:10:05","guid":{"rendered":"https:\/\/sustainablegrowthprojects.com\/?page_id=55"},"modified":"2025-09-30T13:52:20","modified_gmt":"2025-09-30T13:52:20","slug":"contact-us","status":"publish","type":"page","link":"https:\/\/sustainablegrowthprojects.com\/en\/contact-us\/","title":{"rendered":"Contact"},"content":{"rendered":"\t\t<div data-elementor-type=\"wp-post\" data-elementor-id=\"55\" class=\"elementor elementor-55\" data-elementor-post-type=\"page\">\n\t\t\t\t\t\t<section class=\"elementor-section elementor-top-section elementor-element elementor-element-680daea0 elementor-section-height-min-height elementor-section-boxed elementor-section-height-default elementor-section-items-middle\" data-id=\"680daea0\" data-element_type=\"section\" data-e-type=\"section\" data-settings=\"{&quot;background_background&quot;:&quot;classic&quot;}\">\n\t\t\t\t\t\t\t<div class=\"elementor-background-overlay\"><\/div>\n\t\t\t\t\t\t\t<div class=\"elementor-container elementor-column-gap-default\">\n\t\t\t\t\t<div class=\"elementor-column elementor-col-50 elementor-top-column elementor-element elementor-element-1be0a9e5\" data-id=\"1be0a9e5\" data-element_type=\"column\" data-e-type=\"column\">\n\t\t\t<div class=\"elementor-widget-wrap elementor-element-populated\">\n\t\t\t\t\t\t<div class=\"elementor-element elementor-element-4b1b9c7f elementor-widget elementor-widget-heading\" data-id=\"4b1b9c7f\" data-element_type=\"widget\" data-e-type=\"widget\" data-widget_type=\"heading.default\">\n\t\t\t\t<div class=\"elementor-widget-container\">\n\t\t\t\t\t<h2 class=\"elementor-heading-title elementor-size-default\">Haben Sie Fragen oder Anliegen?<\/h2>\t\t\t\t<\/div>\n\t\t\t\t<\/div>\n\t\t\t\t<div class=\"elementor-element elementor-element-38389bda elementor-tablet-align-center elementor-icon-list--layout-traditional elementor-list-item-link-full_width elementor-widget elementor-widget-icon-list\" data-id=\"38389bda\" data-element_type=\"widget\" data-e-type=\"widget\" data-widget_type=\"icon-list.default\">\n\t\t\t\t<div class=\"elementor-widget-container\">\n\t\t\t\t\t\t\t<ul class=\"elementor-icon-list-items\">\n\t\t\t\t\t\t\t<li class=\"elementor-icon-list-item\">\n\t\t\t\t\t\t\t\t\t\t\t<span class=\"elementor-icon-list-icon\">\n\t\t\t\t\t\t\t<svg aria-hidden=\"true\" class=\"e-font-icon-svg e-fas-map-marker-alt\" viewBox=\"0 0 384 512\" xmlns=\"http:\/\/www.w3.org\/2000\/svg\"><path d=\"M172.268 501.67C26.97 291.031 0 269.413 0 192 0 85.961 85.961 0 192 0s192 85.961 192 192c0 77.413-26.97 99.031-172.268 309.67-9.535 13.774-29.93 13.773-39.464 0zM192 272c44.183 0 80-35.817 80-80s-35.817-80-80-80-80 35.817-80 80 35.817 80 80 80z\"><\/path><\/svg>\t\t\t\t\t\t<\/span>\n\t\t\t\t\t\t\t\t\t\t<span class=\"elementor-icon-list-text\">65203 Wiesbaden, Germany<\/span>\n\t\t\t\t\t\t\t\t\t<\/li>\n\t\t\t\t\t\t\t\t<li class=\"elementor-icon-list-item\">\n\t\t\t\t\t\t\t\t\t\t\t<span class=\"elementor-icon-list-icon\">\n\t\t\t\t\t\t\t<svg aria-hidden=\"true\" class=\"e-font-icon-svg e-fas-envelope\" viewBox=\"0 0 512 512\" xmlns=\"http:\/\/www.w3.org\/2000\/svg\"><path d=\"M502.3 190.8c3.9-3.1 9.7-.2 9.7 4.7V400c0 26.5-21.5 48-48 48H48c-26.5 0-48-21.5-48-48V195.6c0-5 5.7-7.8 9.7-4.7 22.4 17.4 52.1 39.5 154.1 113.6 21.1 15.4 56.7 47.8 92.2 47.6 35.7.3 72-32.8 92.3-47.6 102-74.1 131.6-96.3 154-113.7zM256 320c23.2.4 56.6-29.2 73.4-41.4 132.7-96.3 142.8-104.7 173.4-128.7 5.8-4.5 9.2-11.5 9.2-18.9v-19c0-26.5-21.5-48-48-48H48C21.5 64 0 85.5 0 112v19c0 7.4 3.4 14.3 9.2 18.9 30.6 23.9 40.7 32.4 173.4 128.7 16.8 12.2 50.2 41.8 73.4 41.4z\"><\/path><\/svg>\t\t\t\t\t\t<\/span>\n\t\t\t\t\t\t\t\t\t\t<span class=\"elementor-icon-list-text\">info@sustainablegrowthprojects.com<\/span>\n\t\t\t\t\t\t\t\t\t<\/li>\n\t\t\t\t\t\t\t\t<li class=\"elementor-icon-list-item\">\n\t\t\t\t\t\t\t\t\t\t\t<span class=\"elementor-icon-list-icon\">\n\t\t\t\t\t\t\t<svg aria-hidden=\"true\" class=\"e-font-icon-svg e-fas-phone\" viewBox=\"0 0 512 512\" xmlns=\"http:\/\/www.w3.org\/2000\/svg\"><path d=\"M493.4 24.6l-104-24c-11.3-2.6-22.9 3.3-27.5 13.9l-48 112c-4.2 9.8-1.4 21.3 6.9 28l60.6 49.6c-36 76.7-98.9 140.5-177.2 177.2l-49.6-60.6c-6.8-8.3-18.2-11.1-28-6.9l-112 48C3.9 366.5-2 378.1.6 389.4l24 104C27.1 504.2 36.7 512 48 512c256.1 0 464-207.5 464-464 0-11.2-7.7-20.9-18.6-23.4z\"><\/path><\/svg>\t\t\t\t\t\t<\/span>\n\t\t\t\t\t\t\t\t\t\t<span class=\"elementor-icon-list-text\">+491634816699<\/span>\n\t\t\t\t\t\t\t\t\t<\/li>\n\t\t\t\t\t\t<\/ul>\n\t\t\t\t\t\t<\/div>\n\t\t\t\t<\/div>\n\t\t\t\t\t<\/div>\n\t\t<\/div>\n\t\t\t\t<div class=\"elementor-column elementor-col-50 elementor-top-column elementor-element elementor-element-46f92cfc\" data-id=\"46f92cfc\" data-element_type=\"column\" data-e-type=\"column\" data-settings=\"{&quot;background_background&quot;:&quot;classic&quot;}\">\n\t\t\t<div class=\"elementor-widget-wrap elementor-element-populated\">\n\t\t\t\t\t\t<div class=\"elementor-element elementor-element-3e8b4bfd elementor-button-align-end elementor-widget elementor-widget-form\" data-id=\"3e8b4bfd\" data-element_type=\"widget\" data-e-type=\"widget\" data-settings=\"{&quot;step_next_label&quot;:&quot;N\\u00e4chster&quot;,&quot;step_previous_label&quot;:&quot;Voriger&quot;,&quot;button_width&quot;:&quot;100&quot;,&quot;step_type&quot;:&quot;number_text&quot;,&quot;step_icon_shape&quot;:&quot;circle&quot;}\" data-widget_type=\"form.default\">\n\t\t\t\t<div class=\"elementor-widget-container\">\n\t\t\t\t\t\t\t<form class=\"elementor-form\" method=\"post\" name=\"Kontaktseite\" aria-label=\"Kontaktseite\">\n\t\t\t<input type=\"hidden\" name=\"post_id\" value=\"55\"\/>\n\t\t\t<input type=\"hidden\" name=\"form_id\" value=\"3e8b4bfd\"\/>\n\t\t\t<input type=\"hidden\" name=\"referer_title\" value=\"Sustainable Growth Projects e.V.\" \/>\n\n\t\t\t\n\t\t\t<div class=\"elementor-form-fields-wrapper elementor-labels-\">\n\t\t\t\t\t\t\t\t<div class=\"elementor-field-type-text elementor-field-group elementor-column elementor-field-group-name elementor-col-50\">\n\t\t\t\t\t\t\t\t\t\t\t\t<label for=\"form-field-name\" class=\"elementor-field-label elementor-screen-only\">\n\t\t\t\t\t\t\t\tFull Name\t\t\t\t\t\t\t<\/label>\n\t\t\t\t\t\t\t\t\t\t\t\t\t\t<input size=\"1\" type=\"text\" name=\"form_fields[name]\" id=\"form-field-name\" class=\"elementor-field elementor-size-md  elementor-field-textual\" placeholder=\"Name\">\n\t\t\t\t\t\t\t\t\t\t\t<\/div>\n\t\t\t\t\t\t\t\t<div class=\"elementor-field-type-email elementor-field-group elementor-column elementor-field-group-email elementor-col-50 elementor-field-required\">\n\t\t\t\t\t\t\t\t\t\t\t\t<label for=\"form-field-email\" class=\"elementor-field-label elementor-screen-only\">\n\t\t\t\t\t\t\t\tE-mail\t\t\t\t\t\t\t<\/label>\n\t\t\t\t\t\t\t\t\t\t\t\t\t\t<input size=\"1\" type=\"email\" name=\"form_fields[email]\" id=\"form-field-email\" class=\"elementor-field elementor-size-md  elementor-field-textual\" placeholder=\"E-mail\" required=\"required\">\n\t\t\t\t\t\t\t\t\t\t\t<\/div>\n\t\t\t\t\t\t\t\t<div class=\"elementor-field-type-tel elementor-field-group elementor-column elementor-field-group-field_1 elementor-col-50 elementor-field-required\">\n\t\t\t\t\t\t\t\t\t\t\t\t<label for=\"form-field-field_1\" class=\"elementor-field-label elementor-screen-only\">\n\t\t\t\t\t\t\t\tTelefon\t\t\t\t\t\t\t<\/label>\n\t\t\t\t\t\t\t\t<input size=\"1\" type=\"tel\" name=\"form_fields[field_1]\" id=\"form-field-field_1\" class=\"elementor-field elementor-size-md  elementor-field-textual\" placeholder=\"Telefon\" required=\"required\" pattern=\"[0-9()#&amp;+*-=.]+\" title=\"Only numbers and phone characters (#, -, *, etc) are accepted.\">\n\n\t\t\t\t\t\t<\/div>\n\t\t\t\t\t\t\t\t<div class=\"elementor-field-type-text elementor-field-group elementor-column elementor-field-group-field_2 elementor-col-50 elementor-field-required\">\n\t\t\t\t\t\t\t\t\t\t\t\t<label for=\"form-field-field_2\" class=\"elementor-field-label elementor-screen-only\">\n\t\t\t\t\t\t\t\tBetreff\t\t\t\t\t\t\t<\/label>\n\t\t\t\t\t\t\t\t\t\t\t\t\t\t<input size=\"1\" type=\"text\" name=\"form_fields[field_2]\" id=\"form-field-field_2\" class=\"elementor-field elementor-size-md  elementor-field-textual\" placeholder=\"Betreff\" required=\"required\">\n\t\t\t\t\t\t\t\t\t\t\t<\/div>\n\t\t\t\t\t\t\t\t<div class=\"elementor-field-type-textarea elementor-field-group elementor-column elementor-field-group-message elementor-col-100\">\n\t\t\t\t\t\t\t\t\t\t\t\t<label for=\"form-field-message\" class=\"elementor-field-label elementor-screen-only\">\n\t\t\t\t\t\t\t\tNachricht\t\t\t\t\t\t\t<\/label>\n\t\t\t\t\t\t<textarea class=\"elementor-field-textual elementor-field  elementor-size-md\" name=\"form_fields[message]\" id=\"form-field-message\" rows=\"6\" placeholder=\"Nachricht\"><\/textarea>\t\t\t\t<\/div>\n\t\t\t\t\t\t\t\t<div class=\"elementor-field-type-recaptcha_v3 elementor-field-group elementor-column elementor-field-group-field_c6e552a elementor-col-100 recaptcha_v3-bottomright\">\n\t\t\t\t\t<div class=\"elementor-field\" id=\"form-field-field_c6e552a\"><div class=\"elementor-g-recaptcha\" data-sitekey=\"6LeS9tkrAAAAAAsOUyFMEc0yEqNmyMQ8lw0w8BRO\" data-type=\"v3\" data-action=\"Form\" data-badge=\"bottomright\" data-size=\"invisible\"><\/div><\/div>\t\t\t\t<\/div>\n\t\t\t\t\t\t\t\t<div class=\"elementor-field-group elementor-column elementor-field-type-submit elementor-col-100 e-form__buttons\">\n\t\t\t\t\t<button class=\"elementor-button elementor-size-md elementor-animation-grow\" type=\"submit\">\n\t\t\t\t\t\t<span class=\"elementor-button-content-wrapper\">\n\t\t\t\t\t\t\t\t\t\t\t\t\t\t\t<span class=\"elementor-button-icon\">\n\t\t\t\t\t\t\t\t\t<svg aria-hidden=\"true\" class=\"e-font-icon-svg e-fas-long-arrow-alt-right\" viewBox=\"0 0 448 512\" xmlns=\"http:\/\/www.w3.org\/2000\/svg\"><path d=\"M313.941 216H12c-6.627 0-12 5.373-12 12v56c0 6.627 5.373 12 12 12h301.941v46.059c0 21.382 25.851 32.09 40.971 16.971l86.059-86.059c9.373-9.373 9.373-24.569 0-33.941l-86.059-86.059c-15.119-15.119-40.971-4.411-40.971 16.971V216z\"><\/path><\/svg>\t\t\t\t\t\t\t\t\t\t\t\t\t\t\t\t\t<\/span>\n\t\t\t\t\t\t\t\t\t\t\t\t\t\t\t\t\t\t\t\t\t\t<span class=\"elementor-button-text\">Senden<\/span>\n\t\t\t\t\t\t\t\t\t\t\t\t\t<\/span>\n\t\t\t\t\t<\/button>\n\t\t\t\t<\/div>\n\t\t\t<\/div>\n\t\t<\/form>\n\t\t\t\t\t\t<\/div>\n\t\t\t\t<\/div>\n\t\t\t\t\t<\/div>\n\t\t<\/div>\n\t\t\t\t\t<\/div>\n\t\t<\/section>\n\t\t\t\t<section class=\"elementor-section elementor-top-section elementor-element elementor-element-3b7b6e78 elementor-section-boxed elementor-section-height-default elementor-section-height-default\" data-id=\"3b7b6e78\" data-element_type=\"section\" data-e-type=\"section\" data-settings=\"{&quot;background_background&quot;:&quot;classic&quot;}\">\n\t\t\t\t\t\t<div class=\"elementor-container elementor-column-gap-default\">\n\t\t\t\t\t<div class=\"elementor-column elementor-col-100 elementor-top-column elementor-element elementor-element-53e322db\" data-id=\"53e322db\" data-element_type=\"column\" data-e-type=\"column\" data-settings=\"{&quot;background_background&quot;:&quot;classic&quot;}\">\n\t\t\t<div class=\"elementor-widget-wrap elementor-element-populated\">\n\t\t\t\t\t\t<div class=\"elementor-element elementor-element-2ba67da8 elementor-widget elementor-widget-heading\" data-id=\"2ba67da8\" data-element_type=\"widget\" data-e-type=\"widget\" data-widget_type=\"heading.default\">\n\t\t\t\t<div class=\"elementor-widget-container\">\n\t\t\t\t\t<h2 class=\"elementor-heading-title elementor-size-default\">Wir freuen uns \u00fcber neue Mitglieder &amp; Partner:innen<\/h2>\t\t\t\t<\/div>\n\t\t\t\t<\/div>\n\t\t\t\t<div class=\"elementor-element elementor-element-6d356404 elementor-widget elementor-widget-text-editor\" data-id=\"6d356404\" data-element_type=\"widget\" data-e-type=\"widget\" data-widget_type=\"text-editor.default\">\n\t\t\t\t<div class=\"elementor-widget-container\">\n\t\t\t\t\t\t\t\t\t<p>Sie m\u00f6chten nachhaltige Projekte ehrenamtlich unterst\u00fctzen?<\/p>\t\t\t\t\t\t\t\t<\/div>\n\t\t\t\t<\/div>\n\t\t\t\t<div class=\"elementor-element elementor-element-391a39e3 elementor-align-center elementor-widget elementor-widget-button\" data-id=\"391a39e3\" data-element_type=\"widget\" data-e-type=\"widget\" data-widget_type=\"button.default\">\n\t\t\t\t<div class=\"elementor-widget-container\">\n\t\t\t\t\t\t\t\t\t<div class=\"elementor-button-wrapper\">\n\t\t\t\t\t<a class=\"elementor-button elementor-button-link elementor-size-md\" href=\"mailto:info@sustainablegrowthprojects.com?subject=Mitgliedsantrag&#038;body=Hallo%20SGP,ich%20habe%20Interesse%20daran%20Mitglied%20bei%20Sustainable%20Growth%20Projects%20e.%20V.%20zu%20werden%20und%20freue%20mich%20\u00fcber%20die%20Zusendung%20des%20Mitgliedsantrags.Mit%20freundlichen%20Gr\u00fc\u00dfen\">\n\t\t\t\t\t\t<span class=\"elementor-button-content-wrapper\">\n\t\t\t\t\t\t<span class=\"elementor-button-icon\">\n\t\t\t\t<svg aria-hidden=\"true\" class=\"e-font-icon-svg e-fas-long-arrow-alt-right\" viewBox=\"0 0 448 512\" xmlns=\"http:\/\/www.w3.org\/2000\/svg\"><path d=\"M313.941 216H12c-6.627 0-12 5.373-12 12v56c0 6.627 5.373 12 12 12h301.941v46.059c0 21.382 25.851 32.09 40.971 16.971l86.059-86.059c9.373-9.373 9.373-24.569 0-33.941l-86.059-86.059c-15.119-15.119-40.971-4.411-40.971 16.971V216z\"><\/path><\/svg>\t\t\t<\/span>\n\t\t\t\t\t\t\t\t\t<span class=\"elementor-button-text\">Zum Mitgliedsantrag<\/span>\n\t\t\t\t\t<\/span>\n\t\t\t\t\t<\/a>\n\t\t\t\t<\/div>\n\t\t\t\t\t\t\t\t<\/div>\n\t\t\t\t<\/div>\n\t\t\t\t\t<\/div>\n\t\t<\/div>\n\t\t\t\t\t<\/div>\n\t\t<\/section>\n\t\t\t\t<\/div>\n\t\t","protected":false},"excerpt":{"rendered":"<p>Haben Sie Fragen oder Anliegen? 65203 Wiesbaden, Germany info@sustainablegrowthprojects.com +491634816699 Wir freuen uns \u00fcber neue Mitglieder &amp; Partner:innen Sie m\u00f6chten nachhaltige Projekte ehrenamtlich unterst\u00fctzen? Zum Mitgliedsantrag<\/p>","protected":false},"author":1,"featured_media":81,"parent":0,"menu_order":0,"comment_status":"closed","ping_status":"closed","template":"elementor_header_footer","meta":{"footnotes":""},"class_list":["post-55","page","type-page","status-publish","has-post-thumbnail","hentry"],"yoast_head":"<!-- This site is optimized with the Yoast SEO plugin v27.4 - https:\/\/yoast.com\/product\/yoast-seo-wordpress\/ -->\n<title>Kontakt - Sustainable Growth Projects e.V.<\/title>\n<meta name=\"description\" content=\"\u00dcber unsere Kontaktseite k\u00f6nnen Sie einfach Kontakt mit uns aufzunehmen. Haben Sie Fragen? Kontaktieren Sie SGP jetzt - Contact us\" \/>\n<meta name=\"robots\" content=\"index, follow, max-snippet:-1, max-image-preview:large, max-video-preview:-1\" \/>\n<link rel=\"canonical\" href=\"https:\/\/sustainablegrowthprojects.com\/en\/contact-us\/\" \/>\n<meta property=\"og:locale\" content=\"en_US\" \/>\n<meta property=\"og:type\" content=\"article\" \/>\n<meta property=\"og:title\" content=\"Kontakt - Sustainable Growth Projects e.V.\" \/>\n<meta property=\"og:description\" content=\"\u00dcber unsere Kontaktseite k\u00f6nnen Sie einfach Kontakt mit uns aufzunehmen. Haben Sie Fragen? Kontaktieren Sie SGP jetzt - Contact us\" \/>\n<meta property=\"og:url\" content=\"https:\/\/sustainablegrowthprojects.com\/en\/contact-us\/\" \/>\n<meta property=\"og:site_name\" content=\"Sustainable Growth Projects e.V.\" \/>\n<meta property=\"article:publisher\" content=\"https:\/\/www.facebook.com\/SustainableGrowthProjects\/\" \/>\n<meta property=\"article:modified_time\" content=\"2025-09-30T13:52:20+00:00\" \/>\n<meta property=\"og:image\" content=\"https:\/\/sustainablegrowthprojects.com\/wp-content\/uploads\/2020\/01\/Footer.png\" \/>\n\t<meta property=\"og:image:width\" content=\"1922\" \/>\n\t<meta property=\"og:image:height\" content=\"773\" \/>\n\t<meta property=\"og:image:type\" content=\"image\/png\" \/>\n<meta name=\"twitter:card\" content=\"summary_large_image\" \/>\n<meta name=\"twitter:label1\" content=\"Est. reading time\" \/>\n\t<meta name=\"twitter:data1\" content=\"1 minute\" \/>\n<script type=\"application\/ld+json\" class=\"yoast-schema-graph\">{\"@context\":\"https:\\\/\\\/schema.org\",\"@graph\":[{\"@type\":\"WebPage\",\"@id\":\"https:\\\/\\\/sustainablegrowthprojects.com\\\/contact-us\\\/\",\"url\":\"https:\\\/\\\/sustainablegrowthprojects.com\\\/contact-us\\\/\",\"name\":\"Kontakt - Sustainable Growth Projects e.V.\",\"isPartOf\":{\"@id\":\"https:\\\/\\\/sustainablegrowthprojects.com\\\/#website\"},\"primaryImageOfPage\":{\"@id\":\"https:\\\/\\\/sustainablegrowthprojects.com\\\/contact-us\\\/#primaryimage\"},\"image\":{\"@id\":\"https:\\\/\\\/sustainablegrowthprojects.com\\\/contact-us\\\/#primaryimage\"},\"thumbnailUrl\":\"https:\\\/\\\/sustainablegrowthprojects.com\\\/wp-content\\\/uploads\\\/2020\\\/01\\\/Footer.png\",\"datePublished\":\"2020-01-05T14:10:05+00:00\",\"dateModified\":\"2025-09-30T13:52:20+00:00\",\"description\":\"\u00dcber unsere Kontaktseite k\u00f6nnen Sie einfach Kontakt mit uns aufzunehmen. Haben Sie Fragen? Kontaktieren Sie SGP jetzt - Contact us\",\"breadcrumb\":{\"@id\":\"https:\\\/\\\/sustainablegrowthprojects.com\\\/contact-us\\\/#breadcrumb\"},\"inLanguage\":\"en-US\",\"potentialAction\":[{\"@type\":\"ReadAction\",\"target\":[\"https:\\\/\\\/sustainablegrowthprojects.com\\\/contact-us\\\/\"]}]},{\"@type\":\"ImageObject\",\"inLanguage\":\"en-US\",\"@id\":\"https:\\\/\\\/sustainablegrowthprojects.com\\\/contact-us\\\/#primaryimage\",\"url\":\"https:\\\/\\\/sustainablegrowthprojects.com\\\/wp-content\\\/uploads\\\/2020\\\/01\\\/Footer.png\",\"contentUrl\":\"https:\\\/\\\/sustainablegrowthprojects.com\\\/wp-content\\\/uploads\\\/2020\\\/01\\\/Footer.png\",\"width\":1922,\"height\":773},{\"@type\":\"BreadcrumbList\",\"@id\":\"https:\\\/\\\/sustainablegrowthprojects.com\\\/contact-us\\\/#breadcrumb\",\"itemListElement\":[{\"@type\":\"ListItem\",\"position\":1,\"name\":\"Startseite\",\"item\":\"https:\\\/\\\/sustainablegrowthprojects.com\\\/\"},{\"@type\":\"ListItem\",\"position\":2,\"name\":\"Kontakt\"}]},{\"@type\":\"WebSite\",\"@id\":\"https:\\\/\\\/sustainablegrowthprojects.com\\\/#website\",\"url\":\"https:\\\/\\\/sustainablegrowthprojects.com\\\/\",\"name\":\"Sustainable Growth Projects e.V.\",\"description\":\"\u00a9 Sustainable Growth Projects e.V.\",\"publisher\":{\"@id\":\"https:\\\/\\\/sustainablegrowthprojects.com\\\/#organization\"},\"potentialAction\":[{\"@type\":\"SearchAction\",\"target\":{\"@type\":\"EntryPoint\",\"urlTemplate\":\"https:\\\/\\\/sustainablegrowthprojects.com\\\/?s={search_term_string}\"},\"query-input\":{\"@type\":\"PropertyValueSpecification\",\"valueRequired\":true,\"valueName\":\"search_term_string\"}}],\"inLanguage\":\"en-US\"},{\"@type\":\"Organization\",\"@id\":\"https:\\\/\\\/sustainablegrowthprojects.com\\\/#organization\",\"name\":\"Sustainable Growth Projects e.V.\",\"url\":\"https:\\\/\\\/sustainablegrowthprojects.com\\\/\",\"logo\":{\"@type\":\"ImageObject\",\"inLanguage\":\"en-US\",\"@id\":\"https:\\\/\\\/sustainablegrowthprojects.com\\\/#\\\/schema\\\/logo\\\/image\\\/\",\"url\":\"https:\\\/\\\/sustainablegrowthprojects.com\\\/wp-content\\\/uploads\\\/2020\\\/03\\\/SGP-Logo.svg\",\"contentUrl\":\"https:\\\/\\\/sustainablegrowthprojects.com\\\/wp-content\\\/uploads\\\/2020\\\/03\\\/SGP-Logo.svg\",\"width\":494,\"height\":169,\"caption\":\"Sustainable Growth Projects e.V.\"},\"image\":{\"@id\":\"https:\\\/\\\/sustainablegrowthprojects.com\\\/#\\\/schema\\\/logo\\\/image\\\/\"},\"sameAs\":[\"https:\\\/\\\/www.facebook.com\\\/SustainableGrowthProjects\\\/\",\"https:\\\/\\\/www.instagram.com\\\/sustainablegrowthprojects\\\/\",\"https:\\\/\\\/www.linkedin.com\\\/company\\\/sustainable-growth-projects-e-v\\\/\"]}]}<\/script>\n<!-- \/ Yoast SEO plugin. -->","yoast_head_json":{"title":"Kontakt - Sustainable Growth Projects e.V.","description":"\u00dcber unsere Kontaktseite k\u00f6nnen Sie einfach Kontakt mit uns aufzunehmen. Haben Sie Fragen? Kontaktieren Sie SGP jetzt - Contact us","robots":{"index":"index","follow":"follow","max-snippet":"max-snippet:-1","max-image-preview":"max-image-preview:large","max-video-preview":"max-video-preview:-1"},"canonical":"https:\/\/sustainablegrowthprojects.com\/en\/contact-us\/","og_locale":"en_US","og_type":"article","og_title":"Kontakt - Sustainable Growth Projects e.V.","og_description":"\u00dcber unsere Kontaktseite k\u00f6nnen Sie einfach Kontakt mit uns aufzunehmen. Haben Sie Fragen? Kontaktieren Sie SGP jetzt - Contact us","og_url":"https:\/\/sustainablegrowthprojects.com\/en\/contact-us\/","og_site_name":"Sustainable Growth Projects e.V.","article_publisher":"https:\/\/www.facebook.com\/SustainableGrowthProjects\/","article_modified_time":"2025-09-30T13:52:20+00:00","og_image":[{"width":1922,"height":773,"url":"https:\/\/sustainablegrowthprojects.com\/wp-content\/uploads\/2020\/01\/Footer.png","type":"image\/png"}],"twitter_card":"summary_large_image","twitter_misc":{"Est. reading time":"1 minute"},"schema":{"@context":"https:\/\/schema.org","@graph":[{"@type":"WebPage","@id":"https:\/\/sustainablegrowthprojects.com\/contact-us\/","url":"https:\/\/sustainablegrowthprojects.com\/contact-us\/","name":"Kontakt - Sustainable Growth Projects e.V.","isPartOf":{"@id":"https:\/\/sustainablegrowthprojects.com\/#website"},"primaryImageOfPage":{"@id":"https:\/\/sustainablegrowthprojects.com\/contact-us\/#primaryimage"},"image":{"@id":"https:\/\/sustainablegrowthprojects.com\/contact-us\/#primaryimage"},"thumbnailUrl":"https:\/\/sustainablegrowthprojects.com\/wp-content\/uploads\/2020\/01\/Footer.png","datePublished":"2020-01-05T14:10:05+00:00","dateModified":"2025-09-30T13:52:20+00:00","description":"\u00dcber unsere Kontaktseite k\u00f6nnen Sie einfach Kontakt mit uns aufzunehmen. Haben Sie Fragen? Kontaktieren Sie SGP jetzt - Contact us","breadcrumb":{"@id":"https:\/\/sustainablegrowthprojects.com\/contact-us\/#breadcrumb"},"inLanguage":"en-US","potentialAction":[{"@type":"ReadAction","target":["https:\/\/sustainablegrowthprojects.com\/contact-us\/"]}]},{"@type":"ImageObject","inLanguage":"en-US","@id":"https:\/\/sustainablegrowthprojects.com\/contact-us\/#primaryimage","url":"https:\/\/sustainablegrowthprojects.com\/wp-content\/uploads\/2020\/01\/Footer.png","contentUrl":"https:\/\/sustainablegrowthprojects.com\/wp-content\/uploads\/2020\/01\/Footer.png","width":1922,"height":773},{"@type":"BreadcrumbList","@id":"https:\/\/sustainablegrowthprojects.com\/contact-us\/#breadcrumb","itemListElement":[{"@type":"ListItem","position":1,"name":"Startseite","item":"https:\/\/sustainablegrowthprojects.com\/"},{"@type":"ListItem","position":2,"name":"Kontakt"}]},{"@type":"WebSite","@id":"https:\/\/sustainablegrowthprojects.com\/#website","url":"https:\/\/sustainablegrowthprojects.com\/","name":"Sustainable Growth Projects e.V.","description":"\u00a9 Sustainable Growth Projects e.V.","publisher":{"@id":"https:\/\/sustainablegrowthprojects.com\/#organization"},"potentialAction":[{"@type":"SearchAction","target":{"@type":"EntryPoint","urlTemplate":"https:\/\/sustainablegrowthprojects.com\/?s={search_term_string}"},"query-input":{"@type":"PropertyValueSpecification","valueRequired":true,"valueName":"search_term_string"}}],"inLanguage":"en-US"},{"@type":"Organization","@id":"https:\/\/sustainablegrowthprojects.com\/#organization","name":"Sustainable Growth Projects e.V.","url":"https:\/\/sustainablegrowthprojects.com\/","logo":{"@type":"ImageObject","inLanguage":"en-US","@id":"https:\/\/sustainablegrowthprojects.com\/#\/schema\/logo\/image\/","url":"https:\/\/sustainablegrowthprojects.com\/wp-content\/uploads\/2020\/03\/SGP-Logo.svg","contentUrl":"https:\/\/sustainablegrowthprojects.com\/wp-content\/uploads\/2020\/03\/SGP-Logo.svg","width":494,"height":169,"caption":"Sustainable Growth Projects e.V."},"image":{"@id":"https:\/\/sustainablegrowthprojects.com\/#\/schema\/logo\/image\/"},"sameAs":["https:\/\/www.facebook.com\/SustainableGrowthProjects\/","https:\/\/www.instagram.com\/sustainablegrowthprojects\/","https:\/\/www.linkedin.com\/company\/sustainable-growth-projects-e-v\/"]}]}},"_links":{"self":[{"href":"https:\/\/sustainablegrowthprojects.com\/en\/wp-json\/wp\/v2\/pages\/55","targetHints":{"allow":["GET"]}}],"collection":[{"href":"https:\/\/sustainablegrowthprojects.com\/en\/wp-json\/wp\/v2\/pages"}],"about":[{"href":"https:\/\/sustainablegrowthprojects.com\/en\/wp-json\/wp\/v2\/types\/page"}],"author":[{"embeddable":true,"href":"https:\/\/sustainablegrowthprojects.com\/en\/wp-json\/wp\/v2\/users\/1"}],"replies":[{"embeddable":true,"href":"https:\/\/sustainablegrowthprojects.com\/en\/wp-json\/wp\/v2\/comments?post=55"}],"version-history":[{"count":75,"href":"https:\/\/sustainablegrowthprojects.com\/en\/wp-json\/wp\/v2\/pages\/55\/revisions"}],"predecessor-version":[{"id":2372,"href":"https:\/\/sustainablegrowthprojects.com\/en\/wp-json\/wp\/v2\/pages\/55\/revisions\/2372"}],"wp:featuredmedia":[{"embeddable":true,"href":"https:\/\/sustainablegrowthprojects.com\/en\/wp-json\/wp\/v2\/media\/81"}],"wp:attachment":[{"href":"https:\/\/sustainablegrowthprojects.com\/en\/wp-json\/wp\/v2\/media?parent=55"}],"curies":[{"name":"wp","href":"https:\/\/api.w.org\/{rel}","templated":true}]}}