{"id":2036,"date":"2024-04-11T08:32:12","date_gmt":"2024-04-11T08:32:12","guid":{"rendered":"https:\/\/sustainablegrowthprojects.com\/?page_id=2036"},"modified":"2025-06-02T08:34:42","modified_gmt":"2025-06-02T08:34:42","slug":"transparenz","status":"publish","type":"page","link":"https:\/\/sustainablegrowthprojects.com\/en\/transparenz\/","title":{"rendered":"Transparency"},"content":{"rendered":"<div data-elementor-type=\"wp-page\" data-elementor-id=\"2036\" class=\"elementor elementor-2036\" data-elementor-post-type=\"page\">\n\t\t\t\t\t\t<section class=\"elementor-section elementor-top-section elementor-element elementor-element-2e35508 elementor-hidden-desktop elementor-hidden-tablet elementor-hidden-mobile elementor-section-boxed elementor-section-height-default elementor-section-height-default\" data-id=\"2e35508\" data-element_type=\"section\" data-e-type=\"section\">\n\t\t\t\t\t\t<div class=\"elementor-container elementor-column-gap-default\">\n\t\t\t\t\t<div class=\"elementor-column elementor-col-100 elementor-top-column elementor-element elementor-element-fa4cdd6\" data-id=\"fa4cdd6\" data-element_type=\"column\" data-e-type=\"column\">\n\t\t\t<div class=\"elementor-widget-wrap elementor-element-populated\">\n\t\t\t\t\t\t<div class=\"elementor-element elementor-element-5a4df21 elementor-widget elementor-widget-text-editor\" data-id=\"5a4df21\" data-element_type=\"widget\" data-e-type=\"widget\" data-widget_type=\"text-editor.default\">\n\t\t\t\t<div class=\"elementor-widget-container\">\n\t\t\t\t\t\t\t\t\t<p><strong>In Germany there is no publication requirement for non-profit organizations.<\/strong><br \/><strong>Dabei ist eines unserer Werte maximale Transparenz, denn wir wollen die Projekte so greifbar wie m\u00f6glich machen und euch einen Einblick hinter die \u201cKulissen\u201d gew\u00e4hren. <\/strong><strong>Als Zeichen daf\u00fcr sind wir der Initiative &#8222;Transparente Zivilgesellschaft&#8220; von Transparency International beigetreten und legen unsere Zahlen, Daten und Fakten offen.<\/strong><br \/><strong>All dies findet ihr hier auf unserer Transparenzseite.<\/strong><\/p>\t\t\t\t\t\t\t\t<\/div>\n\t\t\t\t<\/div>\n\t\t\t\t\t<\/div>\n\t\t<\/div>\n\t\t\t\t\t<\/div>\n\t\t<\/section>\n\t\t\t\t<section class=\"elementor-section elementor-top-section elementor-element elementor-element-4e1c08e elementor-section-boxed elementor-section-height-default elementor-section-height-default\" data-id=\"4e1c08e\" data-element_type=\"section\" data-e-type=\"section\">\n\t\t\t\t\t\t<div class=\"elementor-container elementor-column-gap-default\">\n\t\t\t\t\t<div class=\"elementor-column elementor-col-100 elementor-top-column elementor-element elementor-element-edefd71\" data-id=\"edefd71\" data-element_type=\"column\" data-e-type=\"column\">\n\t\t\t<div class=\"elementor-widget-wrap elementor-element-populated\">\n\t\t\t\t\t\t<div class=\"elementor-element elementor-element-e52b4b7 elementor-widget elementor-widget-spacer\" data-id=\"e52b4b7\" data-element_type=\"widget\" data-e-type=\"widget\" data-widget_type=\"spacer.default\">\n\t\t\t\t<div class=\"elementor-widget-container\">\n\t\t\t\t\t\t\t<div class=\"elementor-spacer\">\n\t\t\t<div class=\"elementor-spacer-inner\"><\/div>\n\t\t<\/div>\n\t\t\t\t\t\t<\/div>\n\t\t\t\t<\/div>\n\t\t\t\t<div class=\"elementor-element elementor-element-b17cda0 elementor-widget elementor-widget-heading\" data-id=\"b17cda0\" data-element_type=\"widget\" data-e-type=\"widget\" data-widget_type=\"heading.default\">\n\t\t\t\t<div class=\"elementor-widget-container\">\n\t\t\t\t\t<h1 class=\"elementor-heading-title elementor-size-default\">Transparency<\/h1>\t\t\t\t<\/div>\n\t\t\t\t<\/div>\n\t\t\t\t<div class=\"elementor-element elementor-element-fee914a elementor-widget elementor-widget-text-editor\" data-id=\"fee914a\" data-element_type=\"widget\" data-e-type=\"widget\" data-widget_type=\"text-editor.default\">\n\t\t\t\t<div class=\"elementor-widget-container\">\n\t\t\t\t\t\t\t\t\t<p>Willkommen auf unserer Transparenzseite! Hier m\u00f6chten wir Ihnen einen umfassenden Einblick in die Arbeit von Sustainable Growth Projects e.V. geben.<\/p><p>Als Unterzeichner der Initiative \u201eTransparente Zivilgesellschaft\u201c von Transparency International verpflichten wir uns zu h\u00f6chster Offenheit. Es ist uns ein besonderes Anliegen, Ihnen detaillierte Zahlen, Daten und Fakten zur Verf\u00fcgung zu stellen und Ihnen so maximale Transparenz zu gew\u00e4hrleisten. Erfahren Sie mehr \u00fcber unsere Ziele, unsere Mittelherkunft und -verwendung, unsere Personalstruktur und vieles mehr \u2013 damit Sie unsere Projekte und unsere Arbeit hinter den Kulissen so greifbar wie m\u00f6glich nachvollziehen k\u00f6nnen.<\/p><p><strong>1. Name, registered office, address and year of founding<\/strong><\/p><ul><li>to <a href=\"https:\/\/sustainablegrowthprojects.com\/en\/impressum\/\">Name, registered office, address and contact details<\/a><\/li><li>Year founded: 2020<\/li><li>Ansprechpartner: Kossi Olivier Atanley (<a href=\"mailto:mailto:olivier.atanley@sustainablegrowthprojects.com\">olivier.atanley@sustainablegrowthprojects.com<\/a>) &amp; Michael Paa Nii Mensah (<a href=\"mailto:michael.mensah@sustainablegrowthprojects.com\">michael.mensah@sustainablegrowthprojects.com)<\/a><\/li><\/ul><div>\u00a0<\/div><p><strong>2. Complete statutes and information about the goals of our organization<\/strong><\/p><ul><li>to <a href=\"https:\/\/sustainablegrowthprojects.com\/wp-content\/uploads\/2022\/10\/Satzung_SGP_final.pdf\">statute<\/a><\/li><li><a href=\"https:\/\/sustainablegrowthprojects.com\/en\/about-sgp\/\">general information about the goals<\/a><\/li><li>related to ours <a href=\"https:\/\/sustainablegrowthprojects.com\/en\/projekte\/\">Subject areas<\/a><\/li><\/ul><div>\u00a0<\/div><p><strong>3. Information on tax relief<\/strong><\/p><p>Unsere Arbeit ist wegen F\u00f6rderung der Kriminalpr\u00e4vention nach dem letzten uns zugegangenen Freistellung des Finanzamt, Offenbach am Main (Steuernummer\u00a044 250 87020) vom 28.10.2024\u00a0(Veranlagungszeitraum 2021\u00a0bis 2023) nach \u00a7 5 Abs. 1 Nr. 9 des K\u00f6rperschaftsteuergesetzes von der K\u00f6rperschaftssteuer und nach \u00a7 3 Nr. 6 des Gewerbesteuergesetzes von der Gewerbesteuer befreit.<\/p><p><a href=\"https:\/\/sustainablegrowthprojects.com\/wp-content\/uploads\/2025\/01\/Freistellungsbescheid-Okt24.pdf\" target=\"_blank\" rel=\"noopener\">Zum Freistellungsbescheid<\/a><\/p><p><strong>4. Name and function of key decision makers<\/strong><\/p><ul><li>to <a href=\"https:\/\/sustainablegrowthprojects.com\/wp-content\/uploads\/2025\/06\/Jahresbericht-2023.pdf#page=18\" target=\"_blank\" rel=\"noopener\">Jahresbericht 2023\u00a0(S. 18)<\/a><\/li><li>to <a href=\"https:\/\/sustainablegrowthprojects.com\/wp-content\/uploads\/2025\/06\/Jahresbericht-2022.pdf#page=19\" target=\"_blank\" rel=\"noopener\">Jahresbericht 2022\u00a0(S. 19)<\/a><\/li><li>to <a href=\"https:\/\/sustainablegrowthprojects.com\/wp-content\/uploads\/2025\/06\/SGP-Jahresbericht-2021.pdf#page=17\" target=\"_blank\" rel=\"noopener\">Jahresbericht 2021 (S. 17)<\/a><\/li><\/ul><div>\u00a0<\/div><p><strong>5. Activity report<\/strong><\/p><ul><li>to <a href=\"https:\/\/sustainablegrowthprojects.com\/wp-content\/uploads\/2025\/06\/Jahresbericht-2023.pdf#page=4\" target=\"_blank\" rel=\"noopener\">Jahresbericht 2023\u00a0(S. 4 ff.)<\/a><\/li><li>to <a href=\"https:\/\/sustainablegrowthprojects.com\/wp-content\/uploads\/2025\/06\/Jahresbericht-2022.pdf#page=4\" target=\"_blank\" rel=\"noopener\">Jahresbericht 2022 (S. 4 ff.)<\/a><\/li><li>to <a href=\"https:\/\/sustainablegrowthprojects.com\/wp-content\/uploads\/2025\/06\/SGP-Jahresbericht-2021.pdf#page=2\" target=\"_blank\" rel=\"noopener\">Jahresbericht 2021\u00a0(S. 2 ff.)<\/a><\/li><\/ul><div>\u00a0<\/div><p><strong>6. Personnel structure<\/strong><\/p><p>Der Verein organisiert sich komplett ehrenamtlich und hat keine Angestellten. Mehr zu unseren Ehrenamtlichen finden Sie auf unserer <a href=\"https:\/\/sustainablegrowthprojects.com\/en\/team\/\">Team-Seite<\/a>.<\/p><p><strong>7. Information on the source of funds<\/strong><\/p><ul><li>to <a href=\"https:\/\/sustainablegrowthprojects.com\/wp-content\/uploads\/2025\/06\/Jahresbericht-2023.pdf#page=8\" target=\"_blank\" rel=\"noopener\">Jahresbericht 2023\u00a0(S. 8)<\/a><\/li><li>to <a href=\"https:\/\/sustainablegrowthprojects.com\/wp-content\/uploads\/2025\/06\/Jahresbericht-2022.pdf#page=12\" target=\"_blank\" rel=\"noopener\">Jahresbericht 2022\u00a0(S. 12)<\/a><\/li><li>to <a href=\"https:\/\/sustainablegrowthprojects.com\/wp-content\/uploads\/2025\/06\/SGP-Jahresbericht-2021.pdf#page=13\" target=\"_blank\" rel=\"noopener\">Jahresbericht 2021\u00a0(S. 13)<\/a><\/li><\/ul><div>\u00a0<\/div><p><strong>8. Information on the use of funds<\/strong><\/p><ul><li>to <a href=\"https:\/\/sustainablegrowthprojects.com\/wp-content\/uploads\/2025\/06\/Jahresbericht-2023.pdf#page=9\" target=\"_blank\" rel=\"noopener\">Jahresbericht 2023\u00a0(S. 9)<\/a><\/li><li>to <a href=\"https:\/\/sustainablegrowthprojects.com\/wp-content\/uploads\/2025\/06\/Jahresbericht-2022.pdf#page=16\" target=\"_blank\" rel=\"noopener\">Jahresbericht 2022\u00a0(S. 16)<\/a><\/li><li>to <a href=\"https:\/\/sustainablegrowthprojects.com\/wp-content\/uploads\/2025\/06\/SGP-Jahresbericht-2021.pdf#page=16\" target=\"_blank\" rel=\"noopener\">Jahresbericht 2021\u00a0(S. 16)<\/a><\/li><\/ul><div>\u00a0<\/div><p><strong>9. Corporate law connection with third parties<\/strong><\/p><ul><li>Keine gesellschaftliche Verbundenheit mit Dritten<\/li><\/ul><div>\u00a0<\/div><p><strong>10. Names of persons whose annual payments represent more than 10% of the total annual budget<\/strong><\/p><ul><li><a href=\"https:\/\/sustainablegrowthprojects.com\/wp-content\/uploads\/2025\/06\/Jahresbericht-2023.pdf#page=13\">Zum Jahresbericht 2023 (S. 13)<\/a><\/li><li><a href=\"https:\/\/sustainablegrowthprojects.com\/wp-content\/uploads\/2025\/06\/Jahresbericht-2022.pdf#page=17\">Zum Jahresbericht 2022 (S. 17)<\/a><\/li><li><a href=\"https:\/\/sustainablegrowthprojects.com\/wp-content\/uploads\/2025\/06\/SGP-Jahresbericht-2021.pdf#page=16\">Zum Jahresbericht 2021 (S. 15)<\/a><\/li><\/ul><div>\u00a0<\/div><div>\u00a0<\/div><div>Stand: 1. Januar 2025\u00a0<\/div><div>\u00a0<\/div>\t\t\t\t\t\t\t\t<\/div>\n\t\t\t\t<\/div>\n\t\t\t\t<div class=\"elementor-element elementor-element-943df95 elementor-widget elementor-widget-image\" data-id=\"943df95\" data-element_type=\"widget\" data-e-type=\"widget\" data-widget_type=\"image.default\">\n\t\t\t\t<div class=\"elementor-widget-container\">\n\t\t\t\t\t\t\t\t\t\t\t\t\t\t\t\t<a href=\"https:\/\/www.transparente-zivilgesellschaft.de\">\n\t\t\t\t\t\t\t<img fetchpriority=\"high\" decoding=\"async\" width=\"735\" height=\"200\" src=\"https:\/\/sustainablegrowthprojects.com\/wp-content\/uploads\/2020\/01\/Transparente_ZivilgesellschaftPNG.webp\" class=\"attachment-large size-large wp-image-2283\" alt=\"Initiative Transparente Zivilgesellschaft Partner\" srcset=\"https:\/\/sustainablegrowthprojects.com\/wp-content\/uploads\/2020\/01\/Transparente_ZivilgesellschaftPNG.webp 735w, https:\/\/sustainablegrowthprojects.com\/wp-content\/uploads\/2020\/01\/Transparente_ZivilgesellschaftPNG-300x82.webp 300w, https:\/\/sustainablegrowthprojects.com\/wp-content\/uploads\/2020\/01\/Transparente_ZivilgesellschaftPNG-18x5.webp 18w\" sizes=\"(max-width: 735px) 100vw, 735px\" \/>\t\t\t\t\t\t\t\t<\/a>\n\t\t\t\t\t\t\t\t\t\t\t\t\t\t\t<\/div>\n\t\t\t\t<\/div>\n\t\t\t\t\t<\/div>\n\t\t<\/div>\n\t\t\t\t\t<\/div>\n\t\t<\/section>\n\t\t\t\t<section class=\"elementor-section elementor-top-section elementor-element elementor-element-af3a5bd elementor-section-boxed elementor-section-height-default elementor-section-height-default\" data-id=\"af3a5bd\" data-element_type=\"section\" data-e-type=\"section\" data-settings=\"{&quot;background_background&quot;:&quot;classic&quot;}\">\n\t\t\t\t\t\t<div class=\"elementor-container elementor-column-gap-default\">\n\t\t\t\t\t<div class=\"elementor-column elementor-col-100 elementor-top-column elementor-element elementor-element-3fd4849\" data-id=\"3fd4849\" data-element_type=\"column\" data-e-type=\"column\">\n\t\t\t<div class=\"elementor-widget-wrap elementor-element-populated\">\n\t\t\t\t\t\t<div class=\"elementor-element elementor-element-08fcbca elementor-widget elementor-widget-heading\" data-id=\"08fcbca\" data-element_type=\"widget\" data-e-type=\"widget\" data-widget_type=\"heading.default\">\n\t\t\t\t<div class=\"elementor-widget-container\">\n\t\t\t\t\t<h2 class=\"elementor-heading-title elementor-size-default\">Werden Sie Teil der Ver\u00e4nderung \u2013 gemeinsam nachhaltige Projekte realisieren!<\/h2>\t\t\t\t<\/div>\n\t\t\t\t<\/div>\n\t\t\t\t<div class=\"elementor-element elementor-element-d8144bb elementor-widget elementor-widget-text-editor\" data-id=\"d8144bb\" data-element_type=\"widget\" data-e-type=\"widget\" data-widget_type=\"text-editor.default\">\n\t\t\t\t<div class=\"elementor-widget-container\">\n\t\t\t\t\t\t\t\t\t<p>Bau mit uns Schulen, bring sauberes Wasser und schaffe neue Perspektiven. Jede Spende z\u00e4hlt. Jede Spende ver\u00e4ndert.<\/p>\t\t\t\t\t\t\t\t<\/div>\n\t\t\t\t<\/div>\n\t\t\t\t<div class=\"elementor-element elementor-element-99409c9 elementor-align-left elementor-tablet-align-center elementor-widget elementor-widget-button\" data-id=\"99409c9\" data-element_type=\"widget\" data-e-type=\"widget\" data-widget_type=\"button.default\">\n\t\t\t\t<div class=\"elementor-widget-container\">\n\t\t\t\t\t\t\t\t\t<div class=\"elementor-button-wrapper\">\n\t\t\t\t\t<a class=\"elementor-button elementor-button-link elementor-size-md elementor-animation-grow\" href=\"https:\/\/sustainablegrowthprojects.com\/en\/projekte\/\">\n\t\t\t\t\t\t<span class=\"elementor-button-content-wrapper\">\n\t\t\t\t\t\t<span class=\"elementor-button-icon\">\n\t\t\t\t<svg aria-hidden=\"true\" class=\"e-font-icon-svg e-fas-long-arrow-alt-right\" viewbox=\"0 0 448 512\" xmlns=\"http:\/\/www.w3.org\/2000\/svg\"><path d=\"M313.941 216H12c-6.627 0-12 5.373-12 12v56c0 6.627 5.373 12 12 12h301.941v46.059c0 21.382 25.851 32.09 40.971 16.971l86.059-86.059c9.373-9.373 9.373-24.569 0-33.941l-86.059-86.059c-15.119-15.119-40.971-4.411-40.971 16.971V216z\"><\/path><\/svg>\t\t\t<\/span>\n\t\t\t\t\t\t\t\t\t<span class=\"elementor-button-text\">Jetzt spenden &amp; Zukunft gestalten!<\/span>\n\t\t\t\t\t<\/span>\n\t\t\t\t\t<\/a>\n\t\t\t\t<\/div>\n\t\t\t\t\t\t\t\t<\/div>\n\t\t\t\t<\/div>\n\t\t\t\t\t<\/div>\n\t\t<\/div>\n\t\t\t\t\t<\/div>\n\t\t<\/section>\n\t\t\t\t<\/div>","protected":false},"excerpt":{"rendered":"<p>In Deutschland gibt es f\u00fcr gemeinn\u00fctzige Organisationen keine Ver\u00f6ffentlichungspflicht.Dabei ist eines unserer Werte maximale Transparenz, denn wir wollen die Projekte so greifbar wie m\u00f6glich machen und euch einen Einblick hinter die \u201cKulissen\u201d gew\u00e4hren. Als Zeichen daf\u00fcr sind wir der Initiative &#8222;Transparente Zivilgesellschaft&#8220; von Transparency International beigetreten und legen unsere Zahlen, Daten und Fakten offen.All dies [&hellip;]<\/p>\n","protected":false},"author":11,"featured_media":0,"parent":0,"menu_order":0,"comment_status":"closed","ping_status":"closed","template":"elementor_header_footer","meta":{"footnotes":""},"class_list":["post-2036","page","type-page","status-publish","hentry"],"yoast_head":"<!-- This site is optimized with the Yoast SEO plugin v27.3 - https:\/\/yoast.com\/product\/yoast-seo-wordpress\/ -->\n<title>Transparenz - Sustainable Growth Projects e.V.<\/title>\n<meta name=\"robots\" content=\"index, follow, max-snippet:-1, max-image-preview:large, max-video-preview:-1\" \/>\n<link rel=\"canonical\" href=\"https:\/\/sustainablegrowthprojects.com\/en\/transparenz\/\" \/>\n<meta property=\"og:locale\" content=\"en_US\" \/>\n<meta property=\"og:type\" content=\"article\" \/>\n<meta property=\"og:title\" content=\"Transparenz - Sustainable Growth Projects e.V.\" \/>\n<meta property=\"og:description\" content=\"In Deutschland gibt es f\u00fcr gemeinn\u00fctzige Organisationen keine Ver\u00f6ffentlichungspflicht.Dabei ist eines unserer Werte maximale Transparenz, denn wir wollen die Projekte so greifbar wie m\u00f6glich machen und euch einen Einblick hinter die \u201cKulissen\u201d gew\u00e4hren. Als Zeichen daf\u00fcr sind wir der Initiative &#8222;Transparente Zivilgesellschaft&#8220; von Transparency International beigetreten und legen unsere Zahlen, Daten und Fakten offen.All dies [&hellip;]\" \/>\n<meta property=\"og:url\" content=\"https:\/\/sustainablegrowthprojects.com\/en\/transparenz\/\" \/>\n<meta property=\"og:site_name\" content=\"Sustainable Growth Projects e.V.\" \/>\n<meta property=\"article:publisher\" content=\"https:\/\/www.facebook.com\/SustainableGrowthProjects\/\" \/>\n<meta property=\"article:modified_time\" content=\"2025-06-02T08:34:42+00:00\" \/>\n<meta property=\"og:image\" content=\"https:\/\/sustainablegrowthprojects.com\/wp-content\/uploads\/2020\/01\/Transparente_ZivilgesellschaftPNG.webp\" \/>\n\t<meta property=\"og:image:width\" content=\"735\" \/>\n\t<meta property=\"og:image:height\" content=\"200\" \/>\n\t<meta property=\"og:image:type\" content=\"image\/webp\" \/>\n<meta name=\"twitter:card\" content=\"summary_large_image\" \/>\n<meta name=\"twitter:label1\" content=\"Est. reading time\" \/>\n\t<meta name=\"twitter:data1\" content=\"3 minutes\" \/>\n<script type=\"application\/ld+json\" class=\"yoast-schema-graph\">{\"@context\":\"https:\\\/\\\/schema.org\",\"@graph\":[{\"@type\":\"WebPage\",\"@id\":\"https:\\\/\\\/sustainablegrowthprojects.com\\\/transparenz\\\/\",\"url\":\"https:\\\/\\\/sustainablegrowthprojects.com\\\/transparenz\\\/\",\"name\":\"Transparenz - Sustainable Growth Projects e.V.\",\"isPartOf\":{\"@id\":\"https:\\\/\\\/sustainablegrowthprojects.com\\\/#website\"},\"primaryImageOfPage\":{\"@id\":\"https:\\\/\\\/sustainablegrowthprojects.com\\\/transparenz\\\/#primaryimage\"},\"image\":{\"@id\":\"https:\\\/\\\/sustainablegrowthprojects.com\\\/transparenz\\\/#primaryimage\"},\"thumbnailUrl\":\"https:\\\/\\\/sustainablegrowthprojects.com\\\/wp-content\\\/uploads\\\/2020\\\/01\\\/Transparente_ZivilgesellschaftPNG.webp\",\"datePublished\":\"2024-04-11T08:32:12+00:00\",\"dateModified\":\"2025-06-02T08:34:42+00:00\",\"breadcrumb\":{\"@id\":\"https:\\\/\\\/sustainablegrowthprojects.com\\\/transparenz\\\/#breadcrumb\"},\"inLanguage\":\"en-US\",\"potentialAction\":[{\"@type\":\"ReadAction\",\"target\":[\"https:\\\/\\\/sustainablegrowthprojects.com\\\/transparenz\\\/\"]}]},{\"@type\":\"ImageObject\",\"inLanguage\":\"en-US\",\"@id\":\"https:\\\/\\\/sustainablegrowthprojects.com\\\/transparenz\\\/#primaryimage\",\"url\":\"https:\\\/\\\/sustainablegrowthprojects.com\\\/wp-content\\\/uploads\\\/2020\\\/01\\\/Transparente_ZivilgesellschaftPNG.webp\",\"contentUrl\":\"https:\\\/\\\/sustainablegrowthprojects.com\\\/wp-content\\\/uploads\\\/2020\\\/01\\\/Transparente_ZivilgesellschaftPNG.webp\"},{\"@type\":\"BreadcrumbList\",\"@id\":\"https:\\\/\\\/sustainablegrowthprojects.com\\\/transparenz\\\/#breadcrumb\",\"itemListElement\":[{\"@type\":\"ListItem\",\"position\":1,\"name\":\"Startseite\",\"item\":\"https:\\\/\\\/sustainablegrowthprojects.com\\\/\"},{\"@type\":\"ListItem\",\"position\":2,\"name\":\"Transparenz\"}]},{\"@type\":\"WebSite\",\"@id\":\"https:\\\/\\\/sustainablegrowthprojects.com\\\/#website\",\"url\":\"https:\\\/\\\/sustainablegrowthprojects.com\\\/\",\"name\":\"Sustainable Growth Projects e.V.\",\"description\":\"\u00a9 Sustainable Growth Projects e.V.\",\"publisher\":{\"@id\":\"https:\\\/\\\/sustainablegrowthprojects.com\\\/#organization\"},\"potentialAction\":[{\"@type\":\"SearchAction\",\"target\":{\"@type\":\"EntryPoint\",\"urlTemplate\":\"https:\\\/\\\/sustainablegrowthprojects.com\\\/?s={search_term_string}\"},\"query-input\":{\"@type\":\"PropertyValueSpecification\",\"valueRequired\":true,\"valueName\":\"search_term_string\"}}],\"inLanguage\":\"en-US\"},{\"@type\":\"Organization\",\"@id\":\"https:\\\/\\\/sustainablegrowthprojects.com\\\/#organization\",\"name\":\"Sustainable Growth Projects e.V.\",\"url\":\"https:\\\/\\\/sustainablegrowthprojects.com\\\/\",\"logo\":{\"@type\":\"ImageObject\",\"inLanguage\":\"en-US\",\"@id\":\"https:\\\/\\\/sustainablegrowthprojects.com\\\/#\\\/schema\\\/logo\\\/image\\\/\",\"url\":\"https:\\\/\\\/sustainablegrowthprojects.com\\\/wp-content\\\/uploads\\\/2020\\\/03\\\/SGP-Logo.svg\",\"contentUrl\":\"https:\\\/\\\/sustainablegrowthprojects.com\\\/wp-content\\\/uploads\\\/2020\\\/03\\\/SGP-Logo.svg\",\"width\":494,\"height\":169,\"caption\":\"Sustainable Growth Projects e.V.\"},\"image\":{\"@id\":\"https:\\\/\\\/sustainablegrowthprojects.com\\\/#\\\/schema\\\/logo\\\/image\\\/\"},\"sameAs\":[\"https:\\\/\\\/www.facebook.com\\\/SustainableGrowthProjects\\\/\",\"https:\\\/\\\/www.instagram.com\\\/sustainablegrowthprojects\\\/\",\"https:\\\/\\\/www.linkedin.com\\\/company\\\/sustainable-growth-projects-e-v\\\/\"]}]}<\/script>\n<!-- \/ Yoast SEO plugin. -->","yoast_head_json":{"title":"Transparenz - Sustainable Growth Projects e.V.","robots":{"index":"index","follow":"follow","max-snippet":"max-snippet:-1","max-image-preview":"max-image-preview:large","max-video-preview":"max-video-preview:-1"},"canonical":"https:\/\/sustainablegrowthprojects.com\/en\/transparenz\/","og_locale":"en_US","og_type":"article","og_title":"Transparenz - Sustainable Growth Projects e.V.","og_description":"In Deutschland gibt es f\u00fcr gemeinn\u00fctzige Organisationen keine Ver\u00f6ffentlichungspflicht.Dabei ist eines unserer Werte maximale Transparenz, denn wir wollen die Projekte so greifbar wie m\u00f6glich machen und euch einen Einblick hinter die \u201cKulissen\u201d gew\u00e4hren. Als Zeichen daf\u00fcr sind wir der Initiative &#8222;Transparente Zivilgesellschaft&#8220; von Transparency International beigetreten und legen unsere Zahlen, Daten und Fakten offen.All dies [&hellip;]","og_url":"https:\/\/sustainablegrowthprojects.com\/en\/transparenz\/","og_site_name":"Sustainable Growth Projects e.V.","article_publisher":"https:\/\/www.facebook.com\/SustainableGrowthProjects\/","article_modified_time":"2025-06-02T08:34:42+00:00","og_image":[{"width":735,"height":200,"url":"https:\/\/sustainablegrowthprojects.com\/wp-content\/uploads\/2020\/01\/Transparente_ZivilgesellschaftPNG.webp","type":"image\/webp"}],"twitter_card":"summary_large_image","twitter_misc":{"Est. reading time":"3 minutes"},"schema":{"@context":"https:\/\/schema.org","@graph":[{"@type":"WebPage","@id":"https:\/\/sustainablegrowthprojects.com\/transparenz\/","url":"https:\/\/sustainablegrowthprojects.com\/transparenz\/","name":"Transparenz - Sustainable Growth Projects e.V.","isPartOf":{"@id":"https:\/\/sustainablegrowthprojects.com\/#website"},"primaryImageOfPage":{"@id":"https:\/\/sustainablegrowthprojects.com\/transparenz\/#primaryimage"},"image":{"@id":"https:\/\/sustainablegrowthprojects.com\/transparenz\/#primaryimage"},"thumbnailUrl":"https:\/\/sustainablegrowthprojects.com\/wp-content\/uploads\/2020\/01\/Transparente_ZivilgesellschaftPNG.webp","datePublished":"2024-04-11T08:32:12+00:00","dateModified":"2025-06-02T08:34:42+00:00","breadcrumb":{"@id":"https:\/\/sustainablegrowthprojects.com\/transparenz\/#breadcrumb"},"inLanguage":"en-US","potentialAction":[{"@type":"ReadAction","target":["https:\/\/sustainablegrowthprojects.com\/transparenz\/"]}]},{"@type":"ImageObject","inLanguage":"en-US","@id":"https:\/\/sustainablegrowthprojects.com\/transparenz\/#primaryimage","url":"https:\/\/sustainablegrowthprojects.com\/wp-content\/uploads\/2020\/01\/Transparente_ZivilgesellschaftPNG.webp","contentUrl":"https:\/\/sustainablegrowthprojects.com\/wp-content\/uploads\/2020\/01\/Transparente_ZivilgesellschaftPNG.webp"},{"@type":"BreadcrumbList","@id":"https:\/\/sustainablegrowthprojects.com\/transparenz\/#breadcrumb","itemListElement":[{"@type":"ListItem","position":1,"name":"Startseite","item":"https:\/\/sustainablegrowthprojects.com\/"},{"@type":"ListItem","position":2,"name":"Transparenz"}]},{"@type":"WebSite","@id":"https:\/\/sustainablegrowthprojects.com\/#website","url":"https:\/\/sustainablegrowthprojects.com\/","name":"Sustainable Growth Projects e.V.","description":"\u00a9 Sustainable Growth Projects e.V.","publisher":{"@id":"https:\/\/sustainablegrowthprojects.com\/#organization"},"potentialAction":[{"@type":"SearchAction","target":{"@type":"EntryPoint","urlTemplate":"https:\/\/sustainablegrowthprojects.com\/?s={search_term_string}"},"query-input":{"@type":"PropertyValueSpecification","valueRequired":true,"valueName":"search_term_string"}}],"inLanguage":"en-US"},{"@type":"Organization","@id":"https:\/\/sustainablegrowthprojects.com\/#organization","name":"Sustainable Growth Projects e.V.","url":"https:\/\/sustainablegrowthprojects.com\/","logo":{"@type":"ImageObject","inLanguage":"en-US","@id":"https:\/\/sustainablegrowthprojects.com\/#\/schema\/logo\/image\/","url":"https:\/\/sustainablegrowthprojects.com\/wp-content\/uploads\/2020\/03\/SGP-Logo.svg","contentUrl":"https:\/\/sustainablegrowthprojects.com\/wp-content\/uploads\/2020\/03\/SGP-Logo.svg","width":494,"height":169,"caption":"Sustainable Growth Projects e.V."},"image":{"@id":"https:\/\/sustainablegrowthprojects.com\/#\/schema\/logo\/image\/"},"sameAs":["https:\/\/www.facebook.com\/SustainableGrowthProjects\/","https:\/\/www.instagram.com\/sustainablegrowthprojects\/","https:\/\/www.linkedin.com\/company\/sustainable-growth-projects-e-v\/"]}]}},"_links":{"self":[{"href":"https:\/\/sustainablegrowthprojects.com\/en\/wp-json\/wp\/v2\/pages\/2036","targetHints":{"allow":["GET"]}}],"collection":[{"href":"https:\/\/sustainablegrowthprojects.com\/en\/wp-json\/wp\/v2\/pages"}],"about":[{"href":"https:\/\/sustainablegrowthprojects.com\/en\/wp-json\/wp\/v2\/types\/page"}],"author":[{"embeddable":true,"href":"https:\/\/sustainablegrowthprojects.com\/en\/wp-json\/wp\/v2\/users\/11"}],"replies":[{"embeddable":true,"href":"https:\/\/sustainablegrowthprojects.com\/en\/wp-json\/wp\/v2\/comments?post=2036"}],"version-history":[{"count":163,"href":"https:\/\/sustainablegrowthprojects.com\/en\/wp-json\/wp\/v2\/pages\/2036\/revisions"}],"predecessor-version":[{"id":2342,"href":"https:\/\/sustainablegrowthprojects.com\/en\/wp-json\/wp\/v2\/pages\/2036\/revisions\/2342"}],"wp:attachment":[{"href":"https:\/\/sustainablegrowthprojects.com\/en\/wp-json\/wp\/v2\/media?parent=2036"}],"curies":[{"name":"wp","href":"https:\/\/api.w.org\/{rel}","templated":true}]}}