{"id":159,"date":"2020-01-22T14:07:00","date_gmt":"2020-01-22T14:07:00","guid":{"rendered":"https:\/\/sustainablegrowthprojects.com\/?page_id=159"},"modified":"2024-04-11T17:43:11","modified_gmt":"2024-04-11T17:43:11","slug":"impressum","status":"publish","type":"page","link":"https:\/\/sustainablegrowthprojects.com\/en\/impressum\/","title":{"rendered":"Impressum"},"content":{"rendered":"<div data-elementor-type=\"wp-page\" data-elementor-id=\"159\" class=\"elementor elementor-159\" data-elementor-post-type=\"page\">\n\t\t\t\t\t\t<section class=\"elementor-section elementor-top-section elementor-element elementor-element-26e5a023 elementor-section-boxed elementor-section-height-default elementor-section-height-default\" data-id=\"26e5a023\" data-element_type=\"section\" data-e-type=\"section\">\n\t\t\t\t\t\t<div class=\"elementor-container elementor-column-gap-default\">\n\t\t\t\t\t<div class=\"elementor-column elementor-col-100 elementor-top-column elementor-element elementor-element-4ddf96b3\" data-id=\"4ddf96b3\" data-element_type=\"column\" data-e-type=\"column\">\n\t\t\t<div class=\"elementor-widget-wrap elementor-element-populated\">\n\t\t\t\t\t\t<div class=\"elementor-element elementor-element-30b6f16e elementor-widget elementor-widget-text-editor\" data-id=\"30b6f16e\" data-element_type=\"widget\" data-e-type=\"widget\" data-widget_type=\"text-editor.default\">\n\t\t\t\t<div class=\"elementor-widget-container\">\n\t\t\t\t\t\t\t\t\t<p><\/p>\n<h2 class=\"wp-block-heading\">Angaben gem\u00e4\u00df \u00a7 5 TMG<\/h2>\n<p><\/p>\n<p><\/p>\n<p>Sustainable Growth Projects e. V.<br>Nansenstra\u00dfe 2<br>65203 Wiesbaden<\/p>\n<p><\/p>\n<p><\/p>\n<h4 class=\"wp-block-heading\">Vertreten durch:<\/h4>\n<p><\/p>\n<p><\/p>\n<p>Kossi Olivier Atanley<br>Michael Paa Nii Mensah<br>Galo G. Hern\u00e1ndez Orozco<br>Adam-Murbarak Gomina<br>Charles Casey Nketia<br>Annette Kulzer<br>Hendrik T. Plein<\/p>\n<p><\/p>\n<p><\/p>\n<h2 class=\"wp-block-heading\">Contact<\/h2>\n<p><\/p>\n<p><\/p>\n<p>Telefon: +491634816699<br>E-Mail: info@sustainablegrowthprojects.com<\/p>\n<p><\/p>\n<p><\/p>\n<h2 class=\"wp-block-heading\">Steuernummer<\/h2>\n<p><\/p>\n<p><\/p>\n<p><\/p>\n<p><\/p>\n<p>4425087020<\/p>\n<p><\/p>\n<p><\/p>\n<h2 class=\"wp-block-heading\">Verantwortlich f\u00fcr den Inhalt nach \u00a7 55 Abs. 2 RStV<\/h2>\n<p><\/p>\n<p><\/p>\n<p>Sustainable Growth Projects e. V.<br>Nansenstra\u00dfe 2<br>65203 Wiesbaden<\/p>\n<p><\/p>\n<p><\/p>\n<h2 class=\"wp-block-heading\">EU-Streitschlichtung<\/h2>\n<p><\/p>\n<p><\/p>\n<p>Die Europ\u00e4ische Kommission stellt eine Plattform zur Online-Streitbeilegung (OS) bereit:<br><a href=\"https:\/\/ec.europa.eu\/consumers\/odr.\">https:\/\/ec.europa.eu\/consumers\/odr.<\/a><br>Unsere E-Mail-Adresse finden Sie oben im Impressum.<\/p>\n<p><\/p>\n<p><\/p>\n<h2 class=\"wp-block-heading\">Verbraucherstreitbeilegung\/Universalschlichtungsstelle<\/h2>\n<p><\/p>\n<p><\/p>\n<p>Wir sind nicht bereit oder verpflichtet, an Streitbeilegungsverfahren vor einer Verbraucherschlichtungsstelle teilzunehmen.<\/p>\n<p><\/p>\n<p><\/p>\n<h4 class=\"wp-block-heading\">Haftung f\u00fcr Inhalte<\/h4>\n<p><\/p>\n<p><\/p>\n<p>Als Diensteanbieter sind wir gem\u00e4\u00df \u00a7 7 Abs.1 TMG f\u00fcr eigene Inhalte auf diesen Seiten nach den allgemeinen Gesetzen verantwortlich. Nach \u00a7\u00a7 8 bis 10 TMG sind wir als Diensteanbieter jedoch nicht verpflichtet, \u00fcbermittelte oder gespeicherte fremde Informationen zu \u00fcberwachen oder nach Umst\u00e4nden zu forschen, die auf eine rechtswidrige T\u00e4tigkeit hinweisen.<\/p>\n<p><\/p>\n<p><\/p>\n<p>Verpflichtungen zur Entfernung oder Sperrung der Nutzung von Informationen nach den allgemeinen Gesetzen bleiben hiervon unber\u00fchrt. Eine diesbez\u00fcgliche Haftung ist jedoch erst ab dem Zeitpunkt der Kenntnis einer konkreten Rechtsverletzung m\u00f6glich. Bei Bekanntwerden von entsprechenden Rechtsverletzungen werden wir diese Inhalte umgehend entfernen.<\/p>\n<p><\/p>\n<p><\/p>\n<h4 class=\"wp-block-heading\">Haftung f\u00fcr Links<\/h4>\n<p><\/p>\n<p><\/p>\n<p>Unser Angebot enth\u00e4lt Links zu externen Websites Dritter, auf deren Inhalte wir keinen Einfluss haben. Deshalb k\u00f6nnen wir f\u00fcr diese fremden Inhalte auch keine Gew\u00e4hr \u00fcbernehmen. F\u00fcr die Inhalte der verlinkten Seiten ist stets der jeweilige Anbieter oder Betreiber der Seiten verantwortlich. Die verlinkten Seiten wurden zum Zeitpunkt der Verlinkung auf m\u00f6gliche Rechtsverst\u00f6\u00dfe \u00fcberpr\u00fcft. Rechtswidrige Inhalte waren zum Zeitpunkt der Verlinkung nicht erkennbar.<\/p>\n<p><\/p>\n<p><\/p>\n<p>Eine permanente inhaltliche Kontrolle der verlinkten Seiten ist jedoch ohne konkrete Anhaltspunkte einer Rechtsverletzung nicht zumutbar. Bei Bekanntwerden von Rechtsverletzungen werden wir derartige Links umgehend entfernen.<\/p>\n<p><\/p>\n<p><\/p>\n<h4 class=\"wp-block-heading\">Urheberrecht<\/h4>\n<p><\/p>\n<p><\/p>\n<p>Die durch die Seitenbetreiber erstellten Inhalte und Werke auf diesen Seiten unterliegen dem deutschen Urheberrecht. Die Vervielf\u00e4ltigung, Bearbeitung, Verbreitung und jede Art der Verwertung au\u00dferhalb der Grenzen des Urheberrechtes bed\u00fcrfen der schriftlichen Zustimmung des jeweiligen Autors bzw. Erstellers. Downloads und Kopien dieser Seite sind nur f\u00fcr den privaten, nicht kommerziellen Gebrauch gestattet. Soweit die Inhalte auf dieser Seite nicht vom Betreiber erstellt wurden, werden die Urheberrechte Dritter beachtet. Insbesondere werden Inhalte Dritter als solche gekennzeichnet. Sollten Sie trotzdem auf eine Urheberrechtsverletzung aufmerksam werden, bitten wir um einen entsprechenden Hinweis. Bei Bekanntwerden von Rechtsverletzungen werden wir derartige Inhalte umgehend entfernen.<\/p>\n<p><\/p>\n<p><\/p>\n<p>Quelle:<\/p>\n<p><\/p>\n<p><\/p>\n<p><a href=\"https:\/\/www.e-recht24.de\">https:\/\/www.e-recht24.d<\/a>2S<\/p>\n<p><\/p>\t\t\t\t\t\t\t\t<\/div>\n\t\t\t\t<\/div>\n\t\t\t\t\t<\/div>\n\t\t<\/div>\n\t\t\t\t\t<\/div>\n\t\t<\/section>\n\t\t\t\t<\/div>","protected":false},"excerpt":{"rendered":"<p>Angaben gem\u00e4\u00df \u00a7 5 TMG Sustainable Growth Projects e. V.Nansenstra\u00dfe 265203 Wiesbaden Vertreten durch: Kossi Olivier AtanleyMichael Paa Nii MensahGalo G. Hern\u00e1ndez OrozcoAdam-Murbarak GominaCharles Casey NketiaAnnette KulzerHendrik T. Plein Kontakt Telefon: +491634816699E-Mail: info@sustainablegrowthprojects.com Steuernummer 4425087020 Verantwortlich f\u00fcr den Inhalt nach \u00a7 55 Abs. 2 RStV Sustainable Growth Projects e. V.Nansenstra\u00dfe 265203 Wiesbaden EU-Streitschlichtung Die Europ\u00e4ische [&hellip;]<\/p>\n","protected":false},"author":1,"featured_media":231,"parent":0,"menu_order":0,"comment_status":"closed","ping_status":"closed","template":"elementor_header_footer","meta":{"footnotes":""},"class_list":["post-159","page","type-page","status-publish","has-post-thumbnail","hentry"],"yoast_head":"<!-- This site is optimized with the Yoast SEO plugin v27.4 - https:\/\/yoast.com\/product\/yoast-seo-wordpress\/ -->\n<title>Impressum - Sustainable Growth Projects e.V.<\/title>\n<meta name=\"description\" content=\"Hier finden Sie das Impressum des Sustainable Growth Projects e.V. gegr\u00fcndet in Wiesbaden. Schreiben Sie uns \u00fcber das Kontaktformular.\" \/>\n<meta name=\"robots\" content=\"noindex, follow\" \/>\n<meta property=\"og:locale\" content=\"en_US\" \/>\n<meta property=\"og:type\" content=\"article\" \/>\n<meta property=\"og:title\" content=\"Impressum - Sustainable Growth Projects e.V.\" \/>\n<meta property=\"og:description\" content=\"Hier finden Sie das Impressum des Sustainable Growth Projects e.V. gegr\u00fcndet in Wiesbaden. Schreiben Sie uns \u00fcber das Kontaktformular.\" \/>\n<meta property=\"og:url\" content=\"https:\/\/sustainablegrowthprojects.com\/en\/impressum\/\" \/>\n<meta property=\"og:site_name\" content=\"Sustainable Growth Projects e.V.\" \/>\n<meta property=\"article:publisher\" content=\"https:\/\/www.facebook.com\/SustainableGrowthProjects\/\" \/>\n<meta property=\"article:modified_time\" content=\"2024-04-11T17:43:11+00:00\" \/>\n<meta property=\"og:image\" content=\"https:\/\/sustainablegrowthprojects.com\/wp-content\/uploads\/2020\/04\/close-up-of-apple-on-top-of-books-256520-scaled.jpg\" \/>\n\t<meta property=\"og:image:width\" content=\"2560\" \/>\n\t<meta property=\"og:image:height\" content=\"1696\" \/>\n\t<meta property=\"og:image:type\" content=\"image\/jpeg\" \/>\n<meta name=\"twitter:card\" content=\"summary_large_image\" \/>\n<meta name=\"twitter:label1\" content=\"Est. reading time\" \/>\n\t<meta name=\"twitter:data1\" content=\"3 minutes\" \/>\n<script type=\"application\/ld+json\" class=\"yoast-schema-graph\">{\"@context\":\"https:\\\/\\\/schema.org\",\"@graph\":[{\"@type\":\"WebPage\",\"@id\":\"https:\\\/\\\/sustainablegrowthprojects.com\\\/impressum\\\/\",\"url\":\"https:\\\/\\\/sustainablegrowthprojects.com\\\/impressum\\\/\",\"name\":\"Impressum - Sustainable Growth Projects e.V.\",\"isPartOf\":{\"@id\":\"https:\\\/\\\/sustainablegrowthprojects.com\\\/#website\"},\"primaryImageOfPage\":{\"@id\":\"https:\\\/\\\/sustainablegrowthprojects.com\\\/impressum\\\/#primaryimage\"},\"image\":{\"@id\":\"https:\\\/\\\/sustainablegrowthprojects.com\\\/impressum\\\/#primaryimage\"},\"thumbnailUrl\":\"https:\\\/\\\/sustainablegrowthprojects.com\\\/wp-content\\\/uploads\\\/2020\\\/04\\\/close-up-of-apple-on-top-of-books-256520-scaled.jpg\",\"datePublished\":\"2020-01-22T14:07:00+00:00\",\"dateModified\":\"2024-04-11T17:43:11+00:00\",\"description\":\"Hier finden Sie das Impressum des Sustainable Growth Projects e.V. gegr\u00fcndet in Wiesbaden. Schreiben Sie uns \u00fcber das Kontaktformular.\",\"breadcrumb\":{\"@id\":\"https:\\\/\\\/sustainablegrowthprojects.com\\\/impressum\\\/#breadcrumb\"},\"inLanguage\":\"en-US\",\"potentialAction\":[{\"@type\":\"ReadAction\",\"target\":[\"https:\\\/\\\/sustainablegrowthprojects.com\\\/impressum\\\/\"]}]},{\"@type\":\"ImageObject\",\"inLanguage\":\"en-US\",\"@id\":\"https:\\\/\\\/sustainablegrowthprojects.com\\\/impressum\\\/#primaryimage\",\"url\":\"https:\\\/\\\/sustainablegrowthprojects.com\\\/wp-content\\\/uploads\\\/2020\\\/04\\\/close-up-of-apple-on-top-of-books-256520-scaled.jpg\",\"contentUrl\":\"https:\\\/\\\/sustainablegrowthprojects.com\\\/wp-content\\\/uploads\\\/2020\\\/04\\\/close-up-of-apple-on-top-of-books-256520-scaled.jpg\",\"width\":2560,\"height\":1696,\"caption\":\"impressum-sgp\"},{\"@type\":\"BreadcrumbList\",\"@id\":\"https:\\\/\\\/sustainablegrowthprojects.com\\\/impressum\\\/#breadcrumb\",\"itemListElement\":[{\"@type\":\"ListItem\",\"position\":1,\"name\":\"Startseite\",\"item\":\"https:\\\/\\\/sustainablegrowthprojects.com\\\/\"},{\"@type\":\"ListItem\",\"position\":2,\"name\":\"Impressum\"}]},{\"@type\":\"WebSite\",\"@id\":\"https:\\\/\\\/sustainablegrowthprojects.com\\\/#website\",\"url\":\"https:\\\/\\\/sustainablegrowthprojects.com\\\/\",\"name\":\"Sustainable Growth Projects e.V.\",\"description\":\"\u00a9 Sustainable Growth Projects e.V.\",\"publisher\":{\"@id\":\"https:\\\/\\\/sustainablegrowthprojects.com\\\/#organization\"},\"potentialAction\":[{\"@type\":\"SearchAction\",\"target\":{\"@type\":\"EntryPoint\",\"urlTemplate\":\"https:\\\/\\\/sustainablegrowthprojects.com\\\/?s={search_term_string}\"},\"query-input\":{\"@type\":\"PropertyValueSpecification\",\"valueRequired\":true,\"valueName\":\"search_term_string\"}}],\"inLanguage\":\"en-US\"},{\"@type\":\"Organization\",\"@id\":\"https:\\\/\\\/sustainablegrowthprojects.com\\\/#organization\",\"name\":\"Sustainable Growth Projects e.V.\",\"url\":\"https:\\\/\\\/sustainablegrowthprojects.com\\\/\",\"logo\":{\"@type\":\"ImageObject\",\"inLanguage\":\"en-US\",\"@id\":\"https:\\\/\\\/sustainablegrowthprojects.com\\\/#\\\/schema\\\/logo\\\/image\\\/\",\"url\":\"https:\\\/\\\/sustainablegrowthprojects.com\\\/wp-content\\\/uploads\\\/2020\\\/03\\\/SGP-Logo.svg\",\"contentUrl\":\"https:\\\/\\\/sustainablegrowthprojects.com\\\/wp-content\\\/uploads\\\/2020\\\/03\\\/SGP-Logo.svg\",\"width\":494,\"height\":169,\"caption\":\"Sustainable Growth Projects e.V.\"},\"image\":{\"@id\":\"https:\\\/\\\/sustainablegrowthprojects.com\\\/#\\\/schema\\\/logo\\\/image\\\/\"},\"sameAs\":[\"https:\\\/\\\/www.facebook.com\\\/SustainableGrowthProjects\\\/\",\"https:\\\/\\\/www.instagram.com\\\/sustainablegrowthprojects\\\/\",\"https:\\\/\\\/www.linkedin.com\\\/company\\\/sustainable-growth-projects-e-v\\\/\"]}]}<\/script>\n<!-- \/ Yoast SEO plugin. -->","yoast_head_json":{"title":"Impressum - Sustainable Growth Projects e.V.","description":"Hier finden Sie das Impressum des Sustainable Growth Projects e.V. gegr\u00fcndet in Wiesbaden. Schreiben Sie uns \u00fcber das Kontaktformular.","robots":{"index":"noindex","follow":"follow"},"og_locale":"en_US","og_type":"article","og_title":"Impressum - Sustainable Growth Projects e.V.","og_description":"Hier finden Sie das Impressum des Sustainable Growth Projects e.V. gegr\u00fcndet in Wiesbaden. Schreiben Sie uns \u00fcber das Kontaktformular.","og_url":"https:\/\/sustainablegrowthprojects.com\/en\/impressum\/","og_site_name":"Sustainable Growth Projects e.V.","article_publisher":"https:\/\/www.facebook.com\/SustainableGrowthProjects\/","article_modified_time":"2024-04-11T17:43:11+00:00","og_image":[{"width":2560,"height":1696,"url":"https:\/\/sustainablegrowthprojects.com\/wp-content\/uploads\/2020\/04\/close-up-of-apple-on-top-of-books-256520-scaled.jpg","type":"image\/jpeg"}],"twitter_card":"summary_large_image","twitter_misc":{"Est. reading time":"3 minutes"},"schema":{"@context":"https:\/\/schema.org","@graph":[{"@type":"WebPage","@id":"https:\/\/sustainablegrowthprojects.com\/impressum\/","url":"https:\/\/sustainablegrowthprojects.com\/impressum\/","name":"Impressum - Sustainable Growth Projects e.V.","isPartOf":{"@id":"https:\/\/sustainablegrowthprojects.com\/#website"},"primaryImageOfPage":{"@id":"https:\/\/sustainablegrowthprojects.com\/impressum\/#primaryimage"},"image":{"@id":"https:\/\/sustainablegrowthprojects.com\/impressum\/#primaryimage"},"thumbnailUrl":"https:\/\/sustainablegrowthprojects.com\/wp-content\/uploads\/2020\/04\/close-up-of-apple-on-top-of-books-256520-scaled.jpg","datePublished":"2020-01-22T14:07:00+00:00","dateModified":"2024-04-11T17:43:11+00:00","description":"Hier finden Sie das Impressum des Sustainable Growth Projects e.V. gegr\u00fcndet in Wiesbaden. Schreiben Sie uns \u00fcber das Kontaktformular.","breadcrumb":{"@id":"https:\/\/sustainablegrowthprojects.com\/impressum\/#breadcrumb"},"inLanguage":"en-US","potentialAction":[{"@type":"ReadAction","target":["https:\/\/sustainablegrowthprojects.com\/impressum\/"]}]},{"@type":"ImageObject","inLanguage":"en-US","@id":"https:\/\/sustainablegrowthprojects.com\/impressum\/#primaryimage","url":"https:\/\/sustainablegrowthprojects.com\/wp-content\/uploads\/2020\/04\/close-up-of-apple-on-top-of-books-256520-scaled.jpg","contentUrl":"https:\/\/sustainablegrowthprojects.com\/wp-content\/uploads\/2020\/04\/close-up-of-apple-on-top-of-books-256520-scaled.jpg","width":2560,"height":1696,"caption":"impressum-sgp"},{"@type":"BreadcrumbList","@id":"https:\/\/sustainablegrowthprojects.com\/impressum\/#breadcrumb","itemListElement":[{"@type":"ListItem","position":1,"name":"Startseite","item":"https:\/\/sustainablegrowthprojects.com\/"},{"@type":"ListItem","position":2,"name":"Impressum"}]},{"@type":"WebSite","@id":"https:\/\/sustainablegrowthprojects.com\/#website","url":"https:\/\/sustainablegrowthprojects.com\/","name":"Sustainable Growth Projects e.V.","description":"\u00a9 Sustainable Growth Projects e.V.","publisher":{"@id":"https:\/\/sustainablegrowthprojects.com\/#organization"},"potentialAction":[{"@type":"SearchAction","target":{"@type":"EntryPoint","urlTemplate":"https:\/\/sustainablegrowthprojects.com\/?s={search_term_string}"},"query-input":{"@type":"PropertyValueSpecification","valueRequired":true,"valueName":"search_term_string"}}],"inLanguage":"en-US"},{"@type":"Organization","@id":"https:\/\/sustainablegrowthprojects.com\/#organization","name":"Sustainable Growth Projects e.V.","url":"https:\/\/sustainablegrowthprojects.com\/","logo":{"@type":"ImageObject","inLanguage":"en-US","@id":"https:\/\/sustainablegrowthprojects.com\/#\/schema\/logo\/image\/","url":"https:\/\/sustainablegrowthprojects.com\/wp-content\/uploads\/2020\/03\/SGP-Logo.svg","contentUrl":"https:\/\/sustainablegrowthprojects.com\/wp-content\/uploads\/2020\/03\/SGP-Logo.svg","width":494,"height":169,"caption":"Sustainable Growth Projects e.V."},"image":{"@id":"https:\/\/sustainablegrowthprojects.com\/#\/schema\/logo\/image\/"},"sameAs":["https:\/\/www.facebook.com\/SustainableGrowthProjects\/","https:\/\/www.instagram.com\/sustainablegrowthprojects\/","https:\/\/www.linkedin.com\/company\/sustainable-growth-projects-e-v\/"]}]}},"_links":{"self":[{"href":"https:\/\/sustainablegrowthprojects.com\/en\/wp-json\/wp\/v2\/pages\/159","targetHints":{"allow":["GET"]}}],"collection":[{"href":"https:\/\/sustainablegrowthprojects.com\/en\/wp-json\/wp\/v2\/pages"}],"about":[{"href":"https:\/\/sustainablegrowthprojects.com\/en\/wp-json\/wp\/v2\/types\/page"}],"author":[{"embeddable":true,"href":"https:\/\/sustainablegrowthprojects.com\/en\/wp-json\/wp\/v2\/users\/1"}],"replies":[{"embeddable":true,"href":"https:\/\/sustainablegrowthprojects.com\/en\/wp-json\/wp\/v2\/comments?post=159"}],"version-history":[{"count":16,"href":"https:\/\/sustainablegrowthprojects.com\/en\/wp-json\/wp\/v2\/pages\/159\/revisions"}],"predecessor-version":[{"id":2130,"href":"https:\/\/sustainablegrowthprojects.com\/en\/wp-json\/wp\/v2\/pages\/159\/revisions\/2130"}],"wp:featuredmedia":[{"embeddable":true,"href":"https:\/\/sustainablegrowthprojects.com\/en\/wp-json\/wp\/v2\/media\/231"}],"wp:attachment":[{"href":"https:\/\/sustainablegrowthprojects.com\/en\/wp-json\/wp\/v2\/media?parent=159"}],"curies":[{"name":"wp","href":"https:\/\/api.w.org\/{rel}","templated":true}]}}